{"id":3691925,"date":"2025-10-13T13:49:20","date_gmt":"2025-10-13T17:49:20","guid":{"rendered":"https:\/\/stoic-curie.212-227-153-4.plesk.page\/product\/jg-speedfit-15-mm-x-3-4-bsp-ravni-prikljucak-za-slavinu\/"},"modified":"2026-02-25T00:01:14","modified_gmt":"2026-02-25T00:01:14","slug":"jg-speedfit-15-mm-x-3-4-bsp-ravni-prikljucak-za-slavinu","status":"publish","type":"product","link":"https:\/\/stoic-curie.212-227-153-4.plesk.page\/hr\/product\/jg-speedfit-15-mm-x-3-4-bsp-ravni-prikljucak-za-slavinu\/","title":{"rendered":"JG Speedfit 15 mm x 3\/4&#8243; BSP ravni prikljucak za slavinu"},"content":{"rendered":"<p>JG Speedfit 15 mm x 3\/4&#8243; BSP ravni prikljucak za slavinu &#8211; <\/p>\n<div>\n<p>John Guest Speedfit plasti\u010dni spoj za brzu ugradnju je prikladan za spajanje plasti\u010dnih ili bakrenih cevi u sistemima tople ili hladne vode. Spoj za slavinu ima 3\/4&#8243; BSP \u017eenski spoj i Speedfit spoj za cevi promjera 15 mm. Ovaj spoj je bez olova i netoksi\u010dan te je slobodan od naslaga kamenca i korozije.<\/p>\n<p>Za instalaciju jednostavno gurnite spoj potpuno na cev i okrenite plasti\u010dnu maticu u desno kako biste je zaklju\u010dali na mestu. Da biste uklonili vezu, otklju\u010dajte maticu i gurnite kollet prema telu spoja i povucite cev da biste je oslobodili. Spoj za brzu ugradnju olak\u0161ava instalaciju na sku\u010denim mestima, a vreme ugradnje mo\u017ee se smanjiti za oko 40% u pore\u0111enju sa standardnim metodama pri\u010dvr\u0161\u0107ivanja.<\/p>\n<\/div>\n","protected":false},"excerpt":{"rendered":"<p>JG Speedfit 15 mm x 3\/4&#8243; BSP ravni prikljucak za slavinu &#8211; John Guest Speedfit plasti\u010dni spoj za brzu ugradnju<\/p>\n","protected":false},"featured_media":5946509,"comment_status":"closed","ping_status":"closed","template":"","meta":[],"product_brand":[3426],"product_cat":[1661],"product_tag":[],"class_list":{"0":"post-3691925","1":"product","2":"type-product","3":"status-publish","4":"has-post-thumbnail","6":"product_brand-speedfit-hr","7":"product_cat-elementi-brodskog-vovovoda-plastika","9":"first","10":"instock","11":"shipping-taxable","12":"purchasable","13":"product-type-simple"},"_links":{"self":[{"href":"https:\/\/stoic-curie.212-227-153-4.plesk.page\/hr\/wp-json\/wp\/v2\/product\/3691925","targetHints":{"allow":["GET"]}}],"collection":[{"href":"https:\/\/stoic-curie.212-227-153-4.plesk.page\/hr\/wp-json\/wp\/v2\/product"}],"about":[{"href":"https:\/\/stoic-curie.212-227-153-4.plesk.page\/hr\/wp-json\/wp\/v2\/types\/product"}],"replies":[{"embeddable":true,"href":"https:\/\/stoic-curie.212-227-153-4.plesk.page\/hr\/wp-json\/wp\/v2\/comments?post=3691925"}],"version-history":[{"count":0,"href":"https:\/\/stoic-curie.212-227-153-4.plesk.page\/hr\/wp-json\/wp\/v2\/product\/3691925\/revisions"}],"wp:featuredmedia":[{"embeddable":true,"href":"https:\/\/stoic-curie.212-227-153-4.plesk.page\/hr\/wp-json\/wp\/v2\/media\/5946509"}],"wp:attachment":[{"href":"https:\/\/stoic-curie.212-227-153-4.plesk.page\/hr\/wp-json\/wp\/v2\/media?parent=3691925"}],"wp:term":[{"taxonomy":"product_brand","embeddable":true,"href":"https:\/\/stoic-curie.212-227-153-4.plesk.page\/hr\/wp-json\/wp\/v2\/product_brand?post=3691925"},{"taxonomy":"product_cat","embeddable":true,"href":"https:\/\/stoic-curie.212-227-153-4.plesk.page\/hr\/wp-json\/wp\/v2\/product_cat?post=3691925"},{"taxonomy":"product_tag","embeddable":true,"href":"https:\/\/stoic-curie.212-227-153-4.plesk.page\/hr\/wp-json\/wp\/v2\/product_tag?post=3691925"}],"curies":[{"name":"wp","href":"https:\/\/api.w.org\/{rel}","templated":true}]}}