{"id":3691930,"date":"2025-10-13T13:49:20","date_gmt":"2025-10-13T17:49:20","guid":{"rendered":"https:\/\/stoic-curie.212-227-153-4.plesk.page\/product\/baza-stupica-od-nehrdajuceg-celika-60o-25-x-v67mm\/"},"modified":"2026-02-25T00:01:14","modified_gmt":"2026-02-25T00:01:14","slug":"baza-stupica-od-nehrdajuceg-celika-60o-25-x-v67mm","status":"publish","type":"product","link":"https:\/\/stoic-curie.212-227-153-4.plesk.page\/hr\/product\/baza-stupica-od-nehrdajuceg-celika-60o-25-x-v67mm\/","title":{"rendered":"Baza stupi\u0107a od nehr\u0111aju\u0107eg \u010delika 60\u00ba &#8211; 25 x V67mm"},"content":{"rendered":"<p>Baza stupi\u0107a od nehr\u0111aju\u0107eg \u010delika 60\u00ba &#8211; 25 x V67mm &#8211; <\/p>\n<p>Baza od konusnog stupa od nehr\u0111aju\u0107eg \u010delika 316.<\/p>\n","protected":false},"excerpt":{"rendered":"<p>Baza stupi\u0107a od nehr\u0111aju\u0107eg \u010delika 60\u00ba &#8211; 25 x V67mm &#8211; Baza od konusnog stupa od nehr\u0111aju\u0107eg \u010delika 316.<\/p>\n","protected":false},"featured_media":5946516,"comment_status":"closed","ping_status":"closed","template":"","meta":[],"product_brand":[3121],"product_cat":[1758],"product_tag":[],"class_list":{"0":"post-3691930","1":"product","2":"type-product","3":"status-publish","4":"has-post-thumbnail","6":"product_brand-marinetech-hr","7":"product_cat-stupici-jedrilica","9":"first","10":"instock","11":"shipping-taxable","12":"purchasable","13":"product-type-simple"},"_links":{"self":[{"href":"https:\/\/stoic-curie.212-227-153-4.plesk.page\/hr\/wp-json\/wp\/v2\/product\/3691930","targetHints":{"allow":["GET"]}}],"collection":[{"href":"https:\/\/stoic-curie.212-227-153-4.plesk.page\/hr\/wp-json\/wp\/v2\/product"}],"about":[{"href":"https:\/\/stoic-curie.212-227-153-4.plesk.page\/hr\/wp-json\/wp\/v2\/types\/product"}],"replies":[{"embeddable":true,"href":"https:\/\/stoic-curie.212-227-153-4.plesk.page\/hr\/wp-json\/wp\/v2\/comments?post=3691930"}],"version-history":[{"count":0,"href":"https:\/\/stoic-curie.212-227-153-4.plesk.page\/hr\/wp-json\/wp\/v2\/product\/3691930\/revisions"}],"wp:featuredmedia":[{"embeddable":true,"href":"https:\/\/stoic-curie.212-227-153-4.plesk.page\/hr\/wp-json\/wp\/v2\/media\/5946516"}],"wp:attachment":[{"href":"https:\/\/stoic-curie.212-227-153-4.plesk.page\/hr\/wp-json\/wp\/v2\/media?parent=3691930"}],"wp:term":[{"taxonomy":"product_brand","embeddable":true,"href":"https:\/\/stoic-curie.212-227-153-4.plesk.page\/hr\/wp-json\/wp\/v2\/product_brand?post=3691930"},{"taxonomy":"product_cat","embeddable":true,"href":"https:\/\/stoic-curie.212-227-153-4.plesk.page\/hr\/wp-json\/wp\/v2\/product_cat?post=3691930"},{"taxonomy":"product_tag","embeddable":true,"href":"https:\/\/stoic-curie.212-227-153-4.plesk.page\/hr\/wp-json\/wp\/v2\/product_tag?post=3691930"}],"curies":[{"name":"wp","href":"https:\/\/api.w.org\/{rel}","templated":true}]}}