{"id":3691932,"date":"2025-10-13T13:49:21","date_gmt":"2025-10-13T17:49:21","guid":{"rendered":"https:\/\/stoic-curie.212-227-153-4.plesk.page\/product\/kit-za-odrzavanjeza-securmar-arkona-275n\/"},"modified":"2026-02-25T00:01:14","modified_gmt":"2026-02-25T00:01:14","slug":"kit-za-odrzavanjeza-securmar-arkona-275n","status":"publish","type":"product","link":"https:\/\/stoic-curie.212-227-153-4.plesk.page\/hr\/product\/kit-za-odrzavanjeza-securmar-arkona-275n\/","title":{"rendered":"Kit za odr\u017eavanjeza Securmar Arkona 275n"},"content":{"rendered":"<p>Kit za odr\u017eavanjeza Securmar Arkona 275n &#8211; <\/p>\n<p>Secumar 275N napuhaju\u0107i prsluk za spa\u0161avanje odobren je prema CE ISO 12402-2 za plovila za u\u017eitak bez ograni\u010denja. Vrlo je tanak i udoban, jam\u010di veliku slobodu kretanja i izvanrednu plovnost. Kompletan s certifikiranim sigurnosnim pojasom CE ISO12401. Automatska UML aktivacija. Jedna veli\u010dina za tjelesnu te\u017einu preko 50 kg.<\/p>\n","protected":false},"excerpt":{"rendered":"<p>Kit za odr\u017eavanjeza Securmar Arkona 275n &#8211; Secumar 275N napuhaju\u0107i prsluk za spa\u0161avanje odobren je prema CE ISO 12402-2 za<\/p>\n","protected":false},"featured_media":5946517,"comment_status":"closed","ping_status":"closed","template":"","meta":[],"product_brand":[3366],"product_cat":[1601],"product_tag":[],"class_list":{"0":"post-3691932","1":"product","2":"type-product","3":"status-publish","4":"has-post-thumbnail","6":"product_brand-securmar-hr","7":"product_cat-odobreni-prsluci-za-spasavanje","9":"first","10":"outofstock","11":"shipping-taxable","12":"purchasable","13":"product-type-simple"},"_links":{"self":[{"href":"https:\/\/stoic-curie.212-227-153-4.plesk.page\/hr\/wp-json\/wp\/v2\/product\/3691932","targetHints":{"allow":["GET"]}}],"collection":[{"href":"https:\/\/stoic-curie.212-227-153-4.plesk.page\/hr\/wp-json\/wp\/v2\/product"}],"about":[{"href":"https:\/\/stoic-curie.212-227-153-4.plesk.page\/hr\/wp-json\/wp\/v2\/types\/product"}],"replies":[{"embeddable":true,"href":"https:\/\/stoic-curie.212-227-153-4.plesk.page\/hr\/wp-json\/wp\/v2\/comments?post=3691932"}],"version-history":[{"count":0,"href":"https:\/\/stoic-curie.212-227-153-4.plesk.page\/hr\/wp-json\/wp\/v2\/product\/3691932\/revisions"}],"wp:featuredmedia":[{"embeddable":true,"href":"https:\/\/stoic-curie.212-227-153-4.plesk.page\/hr\/wp-json\/wp\/v2\/media\/5946517"}],"wp:attachment":[{"href":"https:\/\/stoic-curie.212-227-153-4.plesk.page\/hr\/wp-json\/wp\/v2\/media?parent=3691932"}],"wp:term":[{"taxonomy":"product_brand","embeddable":true,"href":"https:\/\/stoic-curie.212-227-153-4.plesk.page\/hr\/wp-json\/wp\/v2\/product_brand?post=3691932"},{"taxonomy":"product_cat","embeddable":true,"href":"https:\/\/stoic-curie.212-227-153-4.plesk.page\/hr\/wp-json\/wp\/v2\/product_cat?post=3691932"},{"taxonomy":"product_tag","embeddable":true,"href":"https:\/\/stoic-curie.212-227-153-4.plesk.page\/hr\/wp-json\/wp\/v2\/product_tag?post=3691932"}],"curies":[{"name":"wp","href":"https:\/\/api.w.org\/{rel}","templated":true}]}}