{"id":3691935,"date":"2025-10-13T13:49:21","date_gmt":"2025-10-13T17:49:21","guid":{"rendered":"https:\/\/stoic-curie.212-227-153-4.plesk.page\/product\/orbitrade-19411-cink-anoda-za-volvo-penta-dp-s-sx-krmene-propulzore\/"},"modified":"2026-02-25T00:01:14","modified_gmt":"2026-02-25T00:01:14","slug":"orbitrade-19411-cink-anoda-za-volvo-penta-dp-s-sx-krmene-propulzore","status":"publish","type":"product","link":"https:\/\/stoic-curie.212-227-153-4.plesk.page\/hr\/product\/orbitrade-19411-cink-anoda-za-volvo-penta-dp-s-sx-krmene-propulzore\/","title":{"rendered":"Orbitrade 19411 Cink anoda za Volvo Penta DP-S, SX krmene propulzore"},"content":{"rendered":"<p>Orbitrade 19411 Cink anoda za Volvo Penta DP-S, SX krmene propulzore &#8211; <\/p>\n<div class=\"col-24 col-md-15\">\n<p>Orbitrade Marine cinkova anoda dizajnirana je za zamjenu Volvo dijela broj 3855411. Ova anoda je pogodna za pru\u017eanje za\u0161tite od elektrolytne korozije za sljede\u0107e Volvo Penta vanbrodske motore:<\/p>\n<p>DP-S i SX.<\/p>\n<\/div>\n<p><\/p>\n<table class=\"table\">\n<tbody>\n<tr>\n<td><strong>Primjena<\/strong><\/td>\n<td>Volvo Penta: DP-S i SX<\/td>\n<\/tr>\n<tr>\n<td><strong>Brend<\/strong><\/td>\n<td>Orbitrade<\/td>\n<\/tr>\n<tr>\n<td><strong>Pogodno za<\/strong><\/td>\n<td>Volvo<\/td>\n<\/tr>\n<tr>\n<td><strong>Zamjenjuje<\/strong><\/td>\n<td>Volvo 3855411<\/td>\n<\/tr>\n<\/tbody>\n<\/table>\n","protected":false},"excerpt":{"rendered":"<p>Orbitrade 19411 Cink anoda za Volvo Penta DP-S, SX krmene propulzore &#8211; Orbitrade Marine cinkova anoda dizajnirana je za zamjenu<\/p>\n","protected":false},"featured_media":5946539,"comment_status":"closed","ping_status":"closed","template":"","meta":[],"product_brand":[3226],"product_cat":[1829],"product_tag":[],"class_list":{"0":"post-3691935","1":"product","2":"type-product","3":"status-publish","4":"has-post-thumbnail","6":"product_brand-orbitrade-marine-hr","7":"product_cat-rezervni-dijelovi-za-motore-volvo-penta","9":"first","10":"instock","11":"shipping-taxable","12":"purchasable","13":"product-type-simple"},"_links":{"self":[{"href":"https:\/\/stoic-curie.212-227-153-4.plesk.page\/hr\/wp-json\/wp\/v2\/product\/3691935","targetHints":{"allow":["GET"]}}],"collection":[{"href":"https:\/\/stoic-curie.212-227-153-4.plesk.page\/hr\/wp-json\/wp\/v2\/product"}],"about":[{"href":"https:\/\/stoic-curie.212-227-153-4.plesk.page\/hr\/wp-json\/wp\/v2\/types\/product"}],"replies":[{"embeddable":true,"href":"https:\/\/stoic-curie.212-227-153-4.plesk.page\/hr\/wp-json\/wp\/v2\/comments?post=3691935"}],"version-history":[{"count":0,"href":"https:\/\/stoic-curie.212-227-153-4.plesk.page\/hr\/wp-json\/wp\/v2\/product\/3691935\/revisions"}],"wp:featuredmedia":[{"embeddable":true,"href":"https:\/\/stoic-curie.212-227-153-4.plesk.page\/hr\/wp-json\/wp\/v2\/media\/5946539"}],"wp:attachment":[{"href":"https:\/\/stoic-curie.212-227-153-4.plesk.page\/hr\/wp-json\/wp\/v2\/media?parent=3691935"}],"wp:term":[{"taxonomy":"product_brand","embeddable":true,"href":"https:\/\/stoic-curie.212-227-153-4.plesk.page\/hr\/wp-json\/wp\/v2\/product_brand?post=3691935"},{"taxonomy":"product_cat","embeddable":true,"href":"https:\/\/stoic-curie.212-227-153-4.plesk.page\/hr\/wp-json\/wp\/v2\/product_cat?post=3691935"},{"taxonomy":"product_tag","embeddable":true,"href":"https:\/\/stoic-curie.212-227-153-4.plesk.page\/hr\/wp-json\/wp\/v2\/product_tag?post=3691935"}],"curies":[{"name":"wp","href":"https:\/\/api.w.org\/{rel}","templated":true}]}}