{"id":3691937,"date":"2025-10-13T13:49:22","date_gmt":"2025-10-13T17:49:22","guid":{"rendered":"https:\/\/stoic-curie.212-227-153-4.plesk.page\/product\/4dek-kuka-od-nehrdajuceg-celika-s-opruznim-hvatom-5-mm\/"},"modified":"2026-02-25T00:01:14","modified_gmt":"2026-02-25T00:01:14","slug":"4dek-kuka-od-nehrdajuceg-celika-s-opruznim-hvatom-5-mm","status":"publish","type":"product","link":"https:\/\/stoic-curie.212-227-153-4.plesk.page\/hr\/product\/4dek-kuka-od-nehrdajuceg-celika-s-opruznim-hvatom-5-mm\/","title":{"rendered":"4Dek kuka od nehr\u0111aju\u0107eg \u010delika s opru\u017enim hvatom (5 mm)"},"content":{"rendered":"<p>4Dek kuka od nehr\u0111aju\u0107eg \u010delika s opru\u017enim hvatom (5 mm) &#8211; <\/p>\n<div class=\"col-24 col-md-15\">\n<p>Ovaj 4Dek kuka za plo\u010de izra\u0111ena je od poliranog morskog nehr\u0111aju\u0107eg \u010delika 316 i ima opru\u017eni jezik. Plo\u010da ima dvije rupe za pri\u010dvr\u0161\u0107ivanje od 22 mm.<\/p>\n<\/div>\n<p><\/p>\n<table class=\"table\">\n<tbody>\n<tr>\n<td><strong>Duljina<\/strong><\/td>\n<td>38 mm<\/td>\n<\/tr>\n<tr>\n<td><strong>Materijal<\/strong><\/td>\n<td>Polirani morski nehr\u0111aju\u0107i \u010delik 316<\/td>\n<\/tr>\n<tr>\n<td><strong>\u0160irina<\/strong><\/td>\n<td>34 mm (1,3&#8243;)<\/td>\n<\/tr>\n<tr>\n<td><strong>Marka<\/strong><\/td>\n<td>4Dek<\/td>\n<\/tr>\n<tr>\n<td><strong>Primarna konstrukcija<\/strong><\/td>\n<td>Nehr\u0111aju\u0107i \u010delik 316<\/td>\n<\/tr>\n<tr>\n<td><strong>Boja<\/strong><\/td>\n<td>Srebrna<\/td>\n<\/tr>\n<tr>\n<td><strong>Promjer<\/strong><\/td>\n<td>Kuka ID: 5 mm (0,2&#8243;)<\/td>\n<\/tr>\n<tr>\n<td><strong>Dimenzije<\/strong><\/td>\n<td>Rupe za pri\u010dvr\u0161\u0107ivanje: 22 mm (0,9&#8243;)<\/td>\n<\/tr>\n<tr>\n<td><strong>Zamjenjuje<\/strong><\/td>\n<td>827177BULK<\/td>\n<\/tr>\n<\/tbody>\n<\/table>\n","protected":false},"excerpt":{"rendered":"<p>4Dek kuka od nehr\u0111aju\u0107eg \u010delika s opru\u017enim hvatom (5 mm) &#8211; Ovaj 4Dek kuka za plo\u010de izra\u0111ena je od poliranog<\/p>\n","protected":false},"featured_media":5946541,"comment_status":"closed","ping_status":"closed","template":"","meta":[],"product_brand":[3236],"product_cat":[1710],"product_tag":[],"class_list":{"0":"post-3691937","1":"product","2":"type-product","3":"status-publish","4":"has-post-thumbnail","6":"product_brand-osculati-hr","7":"product_cat-pribor-za-brodske-kabine","9":"first","10":"instock","11":"shipping-taxable","12":"purchasable","13":"product-type-simple"},"_links":{"self":[{"href":"https:\/\/stoic-curie.212-227-153-4.plesk.page\/hr\/wp-json\/wp\/v2\/product\/3691937","targetHints":{"allow":["GET"]}}],"collection":[{"href":"https:\/\/stoic-curie.212-227-153-4.plesk.page\/hr\/wp-json\/wp\/v2\/product"}],"about":[{"href":"https:\/\/stoic-curie.212-227-153-4.plesk.page\/hr\/wp-json\/wp\/v2\/types\/product"}],"replies":[{"embeddable":true,"href":"https:\/\/stoic-curie.212-227-153-4.plesk.page\/hr\/wp-json\/wp\/v2\/comments?post=3691937"}],"version-history":[{"count":0,"href":"https:\/\/stoic-curie.212-227-153-4.plesk.page\/hr\/wp-json\/wp\/v2\/product\/3691937\/revisions"}],"wp:featuredmedia":[{"embeddable":true,"href":"https:\/\/stoic-curie.212-227-153-4.plesk.page\/hr\/wp-json\/wp\/v2\/media\/5946541"}],"wp:attachment":[{"href":"https:\/\/stoic-curie.212-227-153-4.plesk.page\/hr\/wp-json\/wp\/v2\/media?parent=3691937"}],"wp:term":[{"taxonomy":"product_brand","embeddable":true,"href":"https:\/\/stoic-curie.212-227-153-4.plesk.page\/hr\/wp-json\/wp\/v2\/product_brand?post=3691937"},{"taxonomy":"product_cat","embeddable":true,"href":"https:\/\/stoic-curie.212-227-153-4.plesk.page\/hr\/wp-json\/wp\/v2\/product_cat?post=3691937"},{"taxonomy":"product_tag","embeddable":true,"href":"https:\/\/stoic-curie.212-227-153-4.plesk.page\/hr\/wp-json\/wp\/v2\/product_tag?post=3691937"}],"curies":[{"name":"wp","href":"https:\/\/api.w.org\/{rel}","templated":true}]}}