{"id":3691952,"date":"2025-10-13T13:49:26","date_gmt":"2025-10-13T17:49:26","guid":{"rendered":"https:\/\/stoic-curie.212-227-153-4.plesk.page\/product\/trim-mjerac-ecms-crno-167-10-ohm-52mm\/"},"modified":"2026-02-25T00:01:15","modified_gmt":"2026-02-25T00:01:15","slug":"trim-mjerac-ecms-crno-167-10-ohm-52mm","status":"publish","type":"product","link":"https:\/\/stoic-curie.212-227-153-4.plesk.page\/hr\/product\/trim-mjerac-ecms-crno-167-10-ohm-52mm\/","title":{"rendered":"Trim mjera\u010d ECMS Crno 167-10 Ohm 52mm"},"content":{"rendered":"<p>Trim mjera\u010d ECMS Crno 167-10 Ohm 52mm &#8211; <\/p>\n<p>Ecms 12\/24V All Black mjera\u010di opremljeni su \u017ei\u010danim Molex konektorom. Imaju crni nehr\u0111aju\u0107i \u010delik okvir i crni broj\u010danik. Vodootporna IP67 za\u0161ti\u0107ena kupolasta le\u0107a otporna na maglu. Prilagodljiv vi\u0161ebojni LED pozadinsko osvjetljen broj\u010danik. Mjesta razine mogu se postaviti na bilo koju vrijednost otpora putem stra\u017enjeg gumba za konfiguraciju. Postavljeni su na standardnu vrijednost 0-190 Ohm. Ulje tlak metra od 5 i 10 bara su kompatibilni sa standardnim senzorima (10-180 Ohm), dok je 30 bara samo kompatibilan s elektroni\u010dkim senzorima (0,5-4,5V). Ampermetri dolaze s senzorom (shunt) za mjerenje struje.<\/p>\n","protected":false},"excerpt":{"rendered":"<p>Trim mjera\u010d ECMS Crno 167-10 Ohm 52mm &#8211; Ecms 12\/24V All Black mjera\u010di opremljeni su \u017ei\u010danim Molex konektorom. Imaju crni<\/p>\n","protected":false},"featured_media":5946722,"comment_status":"closed","ping_status":"closed","template":"","meta":[],"product_brand":[2911],"product_cat":[1811],"product_tag":[],"class_list":{"0":"post-3691952","1":"product","2":"type-product","3":"status-publish","4":"has-post-thumbnail","6":"product_brand-ecms-marine-hr","7":"product_cat-brodski-mjerni-instrumenti-ecms-a","9":"first","10":"instock","11":"shipping-taxable","12":"purchasable","13":"product-type-simple"},"_links":{"self":[{"href":"https:\/\/stoic-curie.212-227-153-4.plesk.page\/hr\/wp-json\/wp\/v2\/product\/3691952","targetHints":{"allow":["GET"]}}],"collection":[{"href":"https:\/\/stoic-curie.212-227-153-4.plesk.page\/hr\/wp-json\/wp\/v2\/product"}],"about":[{"href":"https:\/\/stoic-curie.212-227-153-4.plesk.page\/hr\/wp-json\/wp\/v2\/types\/product"}],"replies":[{"embeddable":true,"href":"https:\/\/stoic-curie.212-227-153-4.plesk.page\/hr\/wp-json\/wp\/v2\/comments?post=3691952"}],"version-history":[{"count":0,"href":"https:\/\/stoic-curie.212-227-153-4.plesk.page\/hr\/wp-json\/wp\/v2\/product\/3691952\/revisions"}],"wp:featuredmedia":[{"embeddable":true,"href":"https:\/\/stoic-curie.212-227-153-4.plesk.page\/hr\/wp-json\/wp\/v2\/media\/5946722"}],"wp:attachment":[{"href":"https:\/\/stoic-curie.212-227-153-4.plesk.page\/hr\/wp-json\/wp\/v2\/media?parent=3691952"}],"wp:term":[{"taxonomy":"product_brand","embeddable":true,"href":"https:\/\/stoic-curie.212-227-153-4.plesk.page\/hr\/wp-json\/wp\/v2\/product_brand?post=3691952"},{"taxonomy":"product_cat","embeddable":true,"href":"https:\/\/stoic-curie.212-227-153-4.plesk.page\/hr\/wp-json\/wp\/v2\/product_cat?post=3691952"},{"taxonomy":"product_tag","embeddable":true,"href":"https:\/\/stoic-curie.212-227-153-4.plesk.page\/hr\/wp-json\/wp\/v2\/product_tag?post=3691952"}],"curies":[{"name":"wp","href":"https:\/\/api.w.org\/{rel}","templated":true}]}}