{"id":3691953,"date":"2025-10-13T13:49:27","date_gmt":"2025-10-13T17:49:27","guid":{"rendered":"https:\/\/stoic-curie.212-227-153-4.plesk.page\/product\/trim-mjerac-ecms-bijeli-0-190-ohm-52mm\/"},"modified":"2026-02-25T00:01:15","modified_gmt":"2026-02-25T00:01:15","slug":"trim-mjerac-ecms-bijeli-0-190-ohm-52mm","status":"publish","type":"product","link":"https:\/\/stoic-curie.212-227-153-4.plesk.page\/hr\/product\/trim-mjerac-ecms-bijeli-0-190-ohm-52mm\/","title":{"rendered":"Trim mjera\u010d ECMS Bijeli 0-190 Ohm 52mm"},"content":{"rendered":"<p>Trim mjera\u010d ECMS Bijeli 0-190 Ohm 52mm &#8211; <\/p>\n<p>Ecms Bijeli Krom 12\/24V mjera\u010di s priklju\u010denim Molex konektorom. Polirani okvir od nehr\u0111aju\u0107eg \u010delika i bijeli broj\u010danik. Vodootporna IP67 za\u0161tita zakrivljenog stakla otpornog na maglu. Prilagodljiv vi\u0161ebojni LED osvijetljen broj\u010danik. Mjera\u010di razine mogu se postaviti na bilo koju vrijednost otpora putem stra\u017enjeg konfiguracijskog gumba. Prethodno su postavljeni na standardnu vrijednost od 0-190 Ohm. Mjera\u010di tlaka ulja od 5 i 10 bara kompatibilni su s standardnim senzorima (10-180 Ohm), dok je onaj od 30 bara kompatibilan samo s elektroni\u010dkim senzorima (0,5-4,5V). Ampermetri dolaze s senzorom (shunt) za mjerenje struje.<\/p>\n","protected":false},"excerpt":{"rendered":"<p>Trim mjera\u010d ECMS Bijeli 0-190 Ohm 52mm &#8211; Ecms Bijeli Krom 12\/24V mjera\u010di s priklju\u010denim Molex konektorom. Polirani okvir od<\/p>\n","protected":false},"featured_media":5946725,"comment_status":"closed","ping_status":"closed","template":"","meta":[],"product_brand":[2911],"product_cat":[1811],"product_tag":[],"class_list":{"0":"post-3691953","1":"product","2":"type-product","3":"status-publish","4":"has-post-thumbnail","6":"product_brand-ecms-marine-hr","7":"product_cat-brodski-mjerni-instrumenti-ecms-a","9":"first","10":"instock","11":"shipping-taxable","12":"purchasable","13":"product-type-simple"},"_links":{"self":[{"href":"https:\/\/stoic-curie.212-227-153-4.plesk.page\/hr\/wp-json\/wp\/v2\/product\/3691953","targetHints":{"allow":["GET"]}}],"collection":[{"href":"https:\/\/stoic-curie.212-227-153-4.plesk.page\/hr\/wp-json\/wp\/v2\/product"}],"about":[{"href":"https:\/\/stoic-curie.212-227-153-4.plesk.page\/hr\/wp-json\/wp\/v2\/types\/product"}],"replies":[{"embeddable":true,"href":"https:\/\/stoic-curie.212-227-153-4.plesk.page\/hr\/wp-json\/wp\/v2\/comments?post=3691953"}],"version-history":[{"count":0,"href":"https:\/\/stoic-curie.212-227-153-4.plesk.page\/hr\/wp-json\/wp\/v2\/product\/3691953\/revisions"}],"wp:featuredmedia":[{"embeddable":true,"href":"https:\/\/stoic-curie.212-227-153-4.plesk.page\/hr\/wp-json\/wp\/v2\/media\/5946725"}],"wp:attachment":[{"href":"https:\/\/stoic-curie.212-227-153-4.plesk.page\/hr\/wp-json\/wp\/v2\/media?parent=3691953"}],"wp:term":[{"taxonomy":"product_brand","embeddable":true,"href":"https:\/\/stoic-curie.212-227-153-4.plesk.page\/hr\/wp-json\/wp\/v2\/product_brand?post=3691953"},{"taxonomy":"product_cat","embeddable":true,"href":"https:\/\/stoic-curie.212-227-153-4.plesk.page\/hr\/wp-json\/wp\/v2\/product_cat?post=3691953"},{"taxonomy":"product_tag","embeddable":true,"href":"https:\/\/stoic-curie.212-227-153-4.plesk.page\/hr\/wp-json\/wp\/v2\/product_tag?post=3691953"}],"curies":[{"name":"wp","href":"https:\/\/api.w.org\/{rel}","templated":true}]}}