{"id":3691954,"date":"2025-10-13T13:49:27","date_gmt":"2025-10-13T17:49:27","guid":{"rendered":"https:\/\/stoic-curie.212-227-153-4.plesk.page\/product\/kutija-s-osiguracima-za-12-standardnih-unival-osiguraca-138-x-88-x-v36mm\/"},"modified":"2026-02-25T00:01:15","modified_gmt":"2026-02-25T00:01:15","slug":"kutija-s-osiguracima-za-12-standardnih-unival-osiguraca-138-x-88-x-v36mm","status":"publish","type":"product","link":"https:\/\/stoic-curie.212-227-153-4.plesk.page\/hr\/product\/kutija-s-osiguracima-za-12-standardnih-unival-osiguraca-138-x-88-x-v36mm\/","title":{"rendered":"Kutija s osiguracima za 12 standardnih (Unival) osiguraca 138 x 88 x V36mm"},"content":{"rendered":"<p>Kutija s osiguracima za 12 standardnih (Unival) osiguraca 138 x 88 x V36mm &#8211; <\/p>\n<p>Standardni midi osigura\u010d s zajedni\u010dkom pozitivnom uti\u010dnicom i razvodnom barom. Modul sa me\u0111usobnim povezivanjem sa vij\u010danim priklju\u010dcima za ve\u0107u sigurnost. LED indikatorska lampica koja se aktivira kada je osigura\u010d pregorio. Prozirni za\u0161titni poklopac. Ljepljive etikete sa simbolima za upotrebu. Kompletno s osigura\u010dima.<\/p>\n","protected":false},"excerpt":{"rendered":"<p>Kutija s osiguracima za 12 standardnih (Unival) osiguraca 138 x 88 x V36mm &#8211; Standardni midi osigura\u010d s zajedni\u010dkom pozitivnom<\/p>\n","protected":false},"featured_media":5946741,"comment_status":"closed","ping_status":"closed","template":"","meta":[],"product_brand":[2831],"product_cat":[1740],"product_tag":[],"class_list":{"0":"post-3691954","1":"product","2":"type-product","3":"status-publish","4":"has-post-thumbnail","6":"product_brand-blue-sea-systems-hr","7":"product_cat-elektricni-pribor","9":"first","10":"instock","11":"shipping-taxable","12":"purchasable","13":"product-type-simple"},"_links":{"self":[{"href":"https:\/\/stoic-curie.212-227-153-4.plesk.page\/hr\/wp-json\/wp\/v2\/product\/3691954","targetHints":{"allow":["GET"]}}],"collection":[{"href":"https:\/\/stoic-curie.212-227-153-4.plesk.page\/hr\/wp-json\/wp\/v2\/product"}],"about":[{"href":"https:\/\/stoic-curie.212-227-153-4.plesk.page\/hr\/wp-json\/wp\/v2\/types\/product"}],"replies":[{"embeddable":true,"href":"https:\/\/stoic-curie.212-227-153-4.plesk.page\/hr\/wp-json\/wp\/v2\/comments?post=3691954"}],"version-history":[{"count":0,"href":"https:\/\/stoic-curie.212-227-153-4.plesk.page\/hr\/wp-json\/wp\/v2\/product\/3691954\/revisions"}],"wp:featuredmedia":[{"embeddable":true,"href":"https:\/\/stoic-curie.212-227-153-4.plesk.page\/hr\/wp-json\/wp\/v2\/media\/5946741"}],"wp:attachment":[{"href":"https:\/\/stoic-curie.212-227-153-4.plesk.page\/hr\/wp-json\/wp\/v2\/media?parent=3691954"}],"wp:term":[{"taxonomy":"product_brand","embeddable":true,"href":"https:\/\/stoic-curie.212-227-153-4.plesk.page\/hr\/wp-json\/wp\/v2\/product_brand?post=3691954"},{"taxonomy":"product_cat","embeddable":true,"href":"https:\/\/stoic-curie.212-227-153-4.plesk.page\/hr\/wp-json\/wp\/v2\/product_cat?post=3691954"},{"taxonomy":"product_tag","embeddable":true,"href":"https:\/\/stoic-curie.212-227-153-4.plesk.page\/hr\/wp-json\/wp\/v2\/product_tag?post=3691954"}],"curies":[{"name":"wp","href":"https:\/\/api.w.org\/{rel}","templated":true}]}}