{"id":3691955,"date":"2025-10-13T13:49:27","date_gmt":"2025-10-13T17:49:27","guid":{"rendered":"https:\/\/stoic-curie.212-227-153-4.plesk.page\/product\/led-traka-quick-4-x-8-x-1000mm-3000-k\/"},"modified":"2026-02-25T00:01:15","modified_gmt":"2026-02-25T00:01:15","slug":"led-traka-quick-4-x-8-x-1000mm-3000-k","status":"publish","type":"product","link":"https:\/\/stoic-curie.212-227-153-4.plesk.page\/hr\/product\/led-traka-quick-4-x-8-x-1000mm-3000-k\/","title":{"rendered":"LED traka Quick 4 x 8 x 1000mm 3000 k\u00b0"},"content":{"rendered":"<p>LED traka Quick 4 x 8 x 1000mm 3000 k\u00b0 &#8211; <\/p>\n<p>4,5W IP65 LED traka za unutarnju i vanjsku upotrebu sa fleksibilnom silikonskom oblogom otporenom na UV, dolazi s monta\u017enim kop\u010dama. Napon 10-15V s prigu\u0161ivim LED-ima za\u0161ti\u0107enim od prenapona i obrnutog polarity.<\/p>\n","protected":false},"excerpt":{"rendered":"<p>LED traka Quick 4 x 8 x 1000mm 3000 k\u00b0 &#8211; 4,5W IP65 LED traka za unutarnju i vanjsku upotrebu<\/p>\n","protected":false},"featured_media":5946750,"comment_status":"closed","ping_status":"closed","template":"","meta":[],"product_brand":[3281],"product_cat":[1739],"product_tag":[],"class_list":{"0":"post-3691955","1":"product","2":"type-product","3":"status-publish","4":"has-post-thumbnail","6":"product_brand-quick-hr","7":"product_cat-rasvjeta","9":"first","10":"instock","11":"shipping-taxable","12":"purchasable","13":"product-type-simple"},"_links":{"self":[{"href":"https:\/\/stoic-curie.212-227-153-4.plesk.page\/hr\/wp-json\/wp\/v2\/product\/3691955","targetHints":{"allow":["GET"]}}],"collection":[{"href":"https:\/\/stoic-curie.212-227-153-4.plesk.page\/hr\/wp-json\/wp\/v2\/product"}],"about":[{"href":"https:\/\/stoic-curie.212-227-153-4.plesk.page\/hr\/wp-json\/wp\/v2\/types\/product"}],"replies":[{"embeddable":true,"href":"https:\/\/stoic-curie.212-227-153-4.plesk.page\/hr\/wp-json\/wp\/v2\/comments?post=3691955"}],"version-history":[{"count":0,"href":"https:\/\/stoic-curie.212-227-153-4.plesk.page\/hr\/wp-json\/wp\/v2\/product\/3691955\/revisions"}],"wp:featuredmedia":[{"embeddable":true,"href":"https:\/\/stoic-curie.212-227-153-4.plesk.page\/hr\/wp-json\/wp\/v2\/media\/5946750"}],"wp:attachment":[{"href":"https:\/\/stoic-curie.212-227-153-4.plesk.page\/hr\/wp-json\/wp\/v2\/media?parent=3691955"}],"wp:term":[{"taxonomy":"product_brand","embeddable":true,"href":"https:\/\/stoic-curie.212-227-153-4.plesk.page\/hr\/wp-json\/wp\/v2\/product_brand?post=3691955"},{"taxonomy":"product_cat","embeddable":true,"href":"https:\/\/stoic-curie.212-227-153-4.plesk.page\/hr\/wp-json\/wp\/v2\/product_cat?post=3691955"},{"taxonomy":"product_tag","embeddable":true,"href":"https:\/\/stoic-curie.212-227-153-4.plesk.page\/hr\/wp-json\/wp\/v2\/product_tag?post=3691955"}],"curies":[{"name":"wp","href":"https:\/\/api.w.org\/{rel}","templated":true}]}}