{"id":3691957,"date":"2025-10-13T13:49:28","date_gmt":"2025-10-13T17:49:28","guid":{"rendered":"https:\/\/stoic-curie.212-227-153-4.plesk.page\/product\/mornarski-noz-macs-squalo-14cm\/"},"modified":"2026-02-25T00:01:15","modified_gmt":"2026-02-25T00:01:15","slug":"mornarski-noz-macs-squalo-14cm","status":"publish","type":"product","link":"https:\/\/stoic-curie.212-227-153-4.plesk.page\/hr\/product\/mornarski-noz-macs-squalo-14cm\/","title":{"rendered":"Mornarski no\u017e Macs Squalo 14cm"},"content":{"rendered":"<p>Mornarski no\u017e Macs Squalo 14cm &#8211; <\/p>\n<p>Profesionalni ronila\u010dki no\u017e s reza\u010dem \u017eice, zadnjim \u010deki\u0107em, futrolom i remenom. O\u0161trica od nehr\u0111aju\u0107eg \u010delika W1.4116. O\u0161trica se nakon upotrebe treba isprati svje\u017eom vodom i podmazati.<\/p>\n","protected":false},"excerpt":{"rendered":"<p>Mornarski no\u017e Macs Squalo 14cm &#8211; Profesionalni ronila\u010dki no\u017e s reza\u010dem \u017eice, zadnjim \u010deki\u0107em, futrolom i remenom. O\u0161trica od nehr\u0111aju\u0107eg<\/p>\n","protected":false},"featured_media":5946762,"comment_status":"closed","ping_status":"closed","template":"","meta":[],"product_brand":[3081],"product_cat":[1856,1844],"product_tag":[],"class_list":{"0":"post-3691957","1":"product","2":"type-product","3":"status-publish","4":"has-post-thumbnail","6":"product_brand-macs-hr","7":"product_cat-jedrilicarski-nozevi-i-alati","8":"product_cat-oprema-za-ronjenje","10":"first","11":"instock","12":"shipping-taxable","13":"purchasable","14":"product-type-simple"},"_links":{"self":[{"href":"https:\/\/stoic-curie.212-227-153-4.plesk.page\/hr\/wp-json\/wp\/v2\/product\/3691957","targetHints":{"allow":["GET"]}}],"collection":[{"href":"https:\/\/stoic-curie.212-227-153-4.plesk.page\/hr\/wp-json\/wp\/v2\/product"}],"about":[{"href":"https:\/\/stoic-curie.212-227-153-4.plesk.page\/hr\/wp-json\/wp\/v2\/types\/product"}],"replies":[{"embeddable":true,"href":"https:\/\/stoic-curie.212-227-153-4.plesk.page\/hr\/wp-json\/wp\/v2\/comments?post=3691957"}],"version-history":[{"count":0,"href":"https:\/\/stoic-curie.212-227-153-4.plesk.page\/hr\/wp-json\/wp\/v2\/product\/3691957\/revisions"}],"wp:featuredmedia":[{"embeddable":true,"href":"https:\/\/stoic-curie.212-227-153-4.plesk.page\/hr\/wp-json\/wp\/v2\/media\/5946762"}],"wp:attachment":[{"href":"https:\/\/stoic-curie.212-227-153-4.plesk.page\/hr\/wp-json\/wp\/v2\/media?parent=3691957"}],"wp:term":[{"taxonomy":"product_brand","embeddable":true,"href":"https:\/\/stoic-curie.212-227-153-4.plesk.page\/hr\/wp-json\/wp\/v2\/product_brand?post=3691957"},{"taxonomy":"product_cat","embeddable":true,"href":"https:\/\/stoic-curie.212-227-153-4.plesk.page\/hr\/wp-json\/wp\/v2\/product_cat?post=3691957"},{"taxonomy":"product_tag","embeddable":true,"href":"https:\/\/stoic-curie.212-227-153-4.plesk.page\/hr\/wp-json\/wp\/v2\/product_tag?post=3691957"}],"curies":[{"name":"wp","href":"https:\/\/api.w.org\/{rel}","templated":true}]}}