{"id":3691979,"date":"2025-10-13T13:49:35","date_gmt":"2025-10-13T17:49:35","guid":{"rendered":"https:\/\/stoic-curie.212-227-153-4.plesk.page\/product\/konop-liros-cruising-8mm-zuti\/"},"modified":"2026-02-25T00:01:15","modified_gmt":"2026-02-25T00:01:15","slug":"konop-liros-cruising-8mm-zuti","status":"publish","type":"product","link":"https:\/\/stoic-curie.212-227-153-4.plesk.page\/hr\/product\/konop-liros-cruising-8mm-zuti\/","title":{"rendered":"Konop Liros Cruising 8mm \u017duti"},"content":{"rendered":"<p>Konop Liros Cruising 8mm \u017duti &#8211; <\/p>\n<p>Glavna jedra od 100% poliestera visoke \u010dvrsto\u0107e i spinaker s punobojnim plahtama. Zna\u010dajke: Dvostruko pletena, prethodno rastegnuta poliesterska jezgra. Pokrov od glatke pletenice od poliestera otporan na habanje s 20 niti.<\/p>\n","protected":false},"excerpt":{"rendered":"<p>Konop Liros Cruising 8mm \u017duti &#8211; Glavna jedra od 100% poliestera visoke \u010dvrsto\u0107e i spinaker s punobojnim plahtama. Zna\u010dajke: Dvostruko<\/p>\n","protected":false},"featured_media":5946769,"comment_status":"closed","ping_status":"closed","template":"","meta":[],"product_brand":[3066],"product_cat":[1768],"product_tag":[],"class_list":{"0":"post-3691979","1":"product","2":"type-product","3":"status-publish","4":"has-post-thumbnail","6":"product_brand-liros-hr","7":"product_cat-skote-i-podigaci-jedara","9":"first","10":"instock","11":"shipping-taxable","12":"purchasable","13":"product-type-simple"},"_links":{"self":[{"href":"https:\/\/stoic-curie.212-227-153-4.plesk.page\/hr\/wp-json\/wp\/v2\/product\/3691979","targetHints":{"allow":["GET"]}}],"collection":[{"href":"https:\/\/stoic-curie.212-227-153-4.plesk.page\/hr\/wp-json\/wp\/v2\/product"}],"about":[{"href":"https:\/\/stoic-curie.212-227-153-4.plesk.page\/hr\/wp-json\/wp\/v2\/types\/product"}],"replies":[{"embeddable":true,"href":"https:\/\/stoic-curie.212-227-153-4.plesk.page\/hr\/wp-json\/wp\/v2\/comments?post=3691979"}],"version-history":[{"count":0,"href":"https:\/\/stoic-curie.212-227-153-4.plesk.page\/hr\/wp-json\/wp\/v2\/product\/3691979\/revisions"}],"wp:featuredmedia":[{"embeddable":true,"href":"https:\/\/stoic-curie.212-227-153-4.plesk.page\/hr\/wp-json\/wp\/v2\/media\/5946769"}],"wp:attachment":[{"href":"https:\/\/stoic-curie.212-227-153-4.plesk.page\/hr\/wp-json\/wp\/v2\/media?parent=3691979"}],"wp:term":[{"taxonomy":"product_brand","embeddable":true,"href":"https:\/\/stoic-curie.212-227-153-4.plesk.page\/hr\/wp-json\/wp\/v2\/product_brand?post=3691979"},{"taxonomy":"product_cat","embeddable":true,"href":"https:\/\/stoic-curie.212-227-153-4.plesk.page\/hr\/wp-json\/wp\/v2\/product_cat?post=3691979"},{"taxonomy":"product_tag","embeddable":true,"href":"https:\/\/stoic-curie.212-227-153-4.plesk.page\/hr\/wp-json\/wp\/v2\/product_tag?post=3691979"}],"curies":[{"name":"wp","href":"https:\/\/api.w.org\/{rel}","templated":true}]}}