{"id":3691998,"date":"2025-10-13T13:49:40","date_gmt":"2025-10-13T17:49:40","guid":{"rendered":"https:\/\/stoic-curie.212-227-153-4.plesk.page\/product\/liros-racing-12mm-bijelo-crvena-200mt\/"},"modified":"2026-02-25T00:01:15","modified_gmt":"2026-02-25T00:01:15","slug":"liros-racing-12mm-bijelo-crvena-200mt","status":"publish","type":"product","link":"https:\/\/stoic-curie.212-227-153-4.plesk.page\/hr\/product\/liros-racing-12mm-bijelo-crvena-200mt\/","title":{"rendered":"Liros Racing 12mm Bijelo-crvena 200mt"},"content":{"rendered":"<p>Liros Racing 12mm Bijelo-crvena 200mt &#8211; <\/p>\n<p>Bojom kodirani poliester visoke \u010dvrsto\u0107e upleteni u\u017eadi. <br \/> Zna\u010dajke: dvostruko upletena, prethodno napeta poliesterska jezgra. <br \/> 32-pletna poliesterska prevlaka otporna na abraziju.<\/p>\n","protected":false},"excerpt":{"rendered":"<p>Liros Racing 12mm Bijelo-crvena 200mt &#8211; Bojom kodirani poliester visoke \u010dvrsto\u0107e upleteni u\u017eadi. Zna\u010dajke: dvostruko upletena, prethodno napeta poliesterska jezgra.<\/p>\n","protected":false},"featured_media":5946771,"comment_status":"closed","ping_status":"closed","template":"","meta":[],"product_brand":[3066],"product_cat":[1768],"product_tag":[],"class_list":{"0":"post-3691998","1":"product","2":"type-product","3":"status-publish","4":"has-post-thumbnail","6":"product_brand-liros-hr","7":"product_cat-skote-i-podigaci-jedara","9":"first","10":"instock","11":"shipping-taxable","12":"purchasable","13":"product-type-simple"},"_links":{"self":[{"href":"https:\/\/stoic-curie.212-227-153-4.plesk.page\/hr\/wp-json\/wp\/v2\/product\/3691998","targetHints":{"allow":["GET"]}}],"collection":[{"href":"https:\/\/stoic-curie.212-227-153-4.plesk.page\/hr\/wp-json\/wp\/v2\/product"}],"about":[{"href":"https:\/\/stoic-curie.212-227-153-4.plesk.page\/hr\/wp-json\/wp\/v2\/types\/product"}],"replies":[{"embeddable":true,"href":"https:\/\/stoic-curie.212-227-153-4.plesk.page\/hr\/wp-json\/wp\/v2\/comments?post=3691998"}],"version-history":[{"count":0,"href":"https:\/\/stoic-curie.212-227-153-4.plesk.page\/hr\/wp-json\/wp\/v2\/product\/3691998\/revisions"}],"wp:featuredmedia":[{"embeddable":true,"href":"https:\/\/stoic-curie.212-227-153-4.plesk.page\/hr\/wp-json\/wp\/v2\/media\/5946771"}],"wp:attachment":[{"href":"https:\/\/stoic-curie.212-227-153-4.plesk.page\/hr\/wp-json\/wp\/v2\/media?parent=3691998"}],"wp:term":[{"taxonomy":"product_brand","embeddable":true,"href":"https:\/\/stoic-curie.212-227-153-4.plesk.page\/hr\/wp-json\/wp\/v2\/product_brand?post=3691998"},{"taxonomy":"product_cat","embeddable":true,"href":"https:\/\/stoic-curie.212-227-153-4.plesk.page\/hr\/wp-json\/wp\/v2\/product_cat?post=3691998"},{"taxonomy":"product_tag","embeddable":true,"href":"https:\/\/stoic-curie.212-227-153-4.plesk.page\/hr\/wp-json\/wp\/v2\/product_tag?post=3691998"}],"curies":[{"name":"wp","href":"https:\/\/api.w.org\/{rel}","templated":true}]}}