{"id":3692002,"date":"2025-10-13T13:49:41","date_gmt":"2025-10-13T17:49:41","guid":{"rendered":"https:\/\/stoic-curie.212-227-153-4.plesk.page\/product\/liros-racing-14mm-bijelo-zelena\/"},"modified":"2026-02-25T00:01:15","modified_gmt":"2026-02-25T00:01:15","slug":"liros-racing-14mm-bijelo-zelena","status":"publish","type":"product","link":"https:\/\/stoic-curie.212-227-153-4.plesk.page\/hr\/product\/liros-racing-14mm-bijelo-zelena\/","title":{"rendered":"Liros Racing 14mm Bijelo-zelena"},"content":{"rendered":"<p>Liros Racing 14mm Bijelo-zelena &#8211; <\/p>\n<p>Boja kodirane poliesterske visoke \u010dvrsto\u0107e u\u017eadi. <br \/> Karakteristike: dvostruko pleteni preizvu\u010deni poliester. <br \/> 32-pletena, otpornija na abraziju poliesterska prevlaka. <\/p>\n","protected":false},"excerpt":{"rendered":"<p>Liros Racing 14mm Bijelo-zelena &#8211; Boja kodirane poliesterske visoke \u010dvrsto\u0107e u\u017eadi. Karakteristike: dvostruko pleteni preizvu\u010deni poliester. 32-pletena, otpornija na abraziju<\/p>\n","protected":false},"featured_media":5946771,"comment_status":"closed","ping_status":"closed","template":"","meta":[],"product_brand":[3066],"product_cat":[1768],"product_tag":[],"class_list":{"0":"post-3692002","1":"product","2":"type-product","3":"status-publish","4":"has-post-thumbnail","6":"product_brand-liros-hr","7":"product_cat-skote-i-podigaci-jedara","9":"first","10":"instock","11":"shipping-taxable","12":"purchasable","13":"product-type-simple"},"_links":{"self":[{"href":"https:\/\/stoic-curie.212-227-153-4.plesk.page\/hr\/wp-json\/wp\/v2\/product\/3692002","targetHints":{"allow":["GET"]}}],"collection":[{"href":"https:\/\/stoic-curie.212-227-153-4.plesk.page\/hr\/wp-json\/wp\/v2\/product"}],"about":[{"href":"https:\/\/stoic-curie.212-227-153-4.plesk.page\/hr\/wp-json\/wp\/v2\/types\/product"}],"replies":[{"embeddable":true,"href":"https:\/\/stoic-curie.212-227-153-4.plesk.page\/hr\/wp-json\/wp\/v2\/comments?post=3692002"}],"version-history":[{"count":0,"href":"https:\/\/stoic-curie.212-227-153-4.plesk.page\/hr\/wp-json\/wp\/v2\/product\/3692002\/revisions"}],"wp:featuredmedia":[{"embeddable":true,"href":"https:\/\/stoic-curie.212-227-153-4.plesk.page\/hr\/wp-json\/wp\/v2\/media\/5946771"}],"wp:attachment":[{"href":"https:\/\/stoic-curie.212-227-153-4.plesk.page\/hr\/wp-json\/wp\/v2\/media?parent=3692002"}],"wp:term":[{"taxonomy":"product_brand","embeddable":true,"href":"https:\/\/stoic-curie.212-227-153-4.plesk.page\/hr\/wp-json\/wp\/v2\/product_brand?post=3692002"},{"taxonomy":"product_cat","embeddable":true,"href":"https:\/\/stoic-curie.212-227-153-4.plesk.page\/hr\/wp-json\/wp\/v2\/product_cat?post=3692002"},{"taxonomy":"product_tag","embeddable":true,"href":"https:\/\/stoic-curie.212-227-153-4.plesk.page\/hr\/wp-json\/wp\/v2\/product_tag?post=3692002"}],"curies":[{"name":"wp","href":"https:\/\/api.w.org\/{rel}","templated":true}]}}