{"id":3692009,"date":"2025-10-13T13:49:42","date_gmt":"2025-10-13T17:49:42","guid":{"rendered":"https:\/\/stoic-curie.212-227-153-4.plesk.page\/product\/liros-racing-10mm-zelena\/"},"modified":"2026-02-25T00:01:15","modified_gmt":"2026-02-25T00:01:15","slug":"liros-racing-10mm-zelena","status":"publish","type":"product","link":"https:\/\/stoic-curie.212-227-153-4.plesk.page\/hr\/product\/liros-racing-10mm-zelena\/","title":{"rendered":"Liros Racing 10mm Zelena"},"content":{"rendered":"<p>Liros Racing 10mm Zelena &#8211; <\/p>\n<p>Punok \u0631\u0646\u06af\u062a\u0648\u0641 \u043f\u043e\u043b\u0438\u044d\u0441\u0442\u0435\u0440\u0441\u043a\u0435 visoke \u010dvrsto\u0107e, obele\u017eene bojama i u potpunosti pletene. <br \/> Zna\u010dajke: dvostruko pleteni, prethodno istegnuti poliester. <br \/> 32-pogonsko, otpornik na abraziju poliesterska obloga.<\/p>\n","protected":false},"excerpt":{"rendered":"<p>Liros Racing 10mm Zelena &#8211; Punok \u0631\u0646\u06af\u062a\u0648\u0641 \u043f\u043e\u043b\u0438\u044d\u0441\u0442\u0435\u0440\u0441\u043a\u0435 visoke \u010dvrsto\u0107e, obele\u017eene bojama i u potpunosti pletene. Zna\u010dajke: dvostruko pleteni, prethodno<\/p>\n","protected":false},"featured_media":5946774,"comment_status":"closed","ping_status":"closed","template":"","meta":[],"product_brand":[3066],"product_cat":[1768],"product_tag":[],"class_list":{"0":"post-3692009","1":"product","2":"type-product","3":"status-publish","4":"has-post-thumbnail","6":"product_brand-liros-hr","7":"product_cat-skote-i-podigaci-jedara","9":"first","10":"instock","11":"shipping-taxable","12":"purchasable","13":"product-type-simple"},"_links":{"self":[{"href":"https:\/\/stoic-curie.212-227-153-4.plesk.page\/hr\/wp-json\/wp\/v2\/product\/3692009","targetHints":{"allow":["GET"]}}],"collection":[{"href":"https:\/\/stoic-curie.212-227-153-4.plesk.page\/hr\/wp-json\/wp\/v2\/product"}],"about":[{"href":"https:\/\/stoic-curie.212-227-153-4.plesk.page\/hr\/wp-json\/wp\/v2\/types\/product"}],"replies":[{"embeddable":true,"href":"https:\/\/stoic-curie.212-227-153-4.plesk.page\/hr\/wp-json\/wp\/v2\/comments?post=3692009"}],"version-history":[{"count":0,"href":"https:\/\/stoic-curie.212-227-153-4.plesk.page\/hr\/wp-json\/wp\/v2\/product\/3692009\/revisions"}],"wp:featuredmedia":[{"embeddable":true,"href":"https:\/\/stoic-curie.212-227-153-4.plesk.page\/hr\/wp-json\/wp\/v2\/media\/5946774"}],"wp:attachment":[{"href":"https:\/\/stoic-curie.212-227-153-4.plesk.page\/hr\/wp-json\/wp\/v2\/media?parent=3692009"}],"wp:term":[{"taxonomy":"product_brand","embeddable":true,"href":"https:\/\/stoic-curie.212-227-153-4.plesk.page\/hr\/wp-json\/wp\/v2\/product_brand?post=3692009"},{"taxonomy":"product_cat","embeddable":true,"href":"https:\/\/stoic-curie.212-227-153-4.plesk.page\/hr\/wp-json\/wp\/v2\/product_cat?post=3692009"},{"taxonomy":"product_tag","embeddable":true,"href":"https:\/\/stoic-curie.212-227-153-4.plesk.page\/hr\/wp-json\/wp\/v2\/product_tag?post=3692009"}],"curies":[{"name":"wp","href":"https:\/\/api.w.org\/{rel}","templated":true}]}}