{"id":3692015,"date":"2025-10-13T13:49:43","date_gmt":"2025-10-13T17:49:43","guid":{"rendered":"https:\/\/stoic-curie.212-227-153-4.plesk.page\/product\/liros-d-pro-8mm\/"},"modified":"2026-02-25T00:01:15","modified_gmt":"2026-02-25T00:01:15","slug":"liros-d-pro-8mm","status":"publish","type":"product","link":"https:\/\/stoic-curie.212-227-153-4.plesk.page\/hr\/product\/liros-d-pro-8mm\/","title":{"rendered":"Liros D-Pro 8mm"},"content":{"rendered":"<p>Liros D-Pro 8mm &#8211; <\/p>\n<p>LIROS Heat-Stretch sustav jam\u010di optimalne vrijednosti prekida i svojstva istezanja ove u\u017eadi. Izvrsna otpornost na abraziju, mala te\u017eina i mogu\u0107nost spajanja \u010dine ovu u\u017ead jedinstvenom za sve trka\u0107e brodove bilo koje veli\u010dine. Savr\u0161eno kao zamjena za \u010deli\u010dne kablove u tehni\u010dkim primjenama. \u00e2\u0080\u00a2 radno istezanje<\/p>\n","protected":false},"excerpt":{"rendered":"<p>Liros D-Pro 8mm &#8211; LIROS Heat-Stretch sustav jam\u010di optimalne vrijednosti prekida i svojstva istezanja ove u\u017eadi. Izvrsna otpornost na abraziju,<\/p>\n","protected":false},"featured_media":5946776,"comment_status":"closed","ping_status":"closed","template":"","meta":[],"product_brand":[3066],"product_cat":[1767],"product_tag":[],"class_list":{"0":"post-3692015","1":"product","2":"type-product","3":"status-publish","4":"has-post-thumbnail","6":"product_brand-liros-hr","7":"product_cat-dyneema-konopi","9":"first","10":"instock","11":"shipping-taxable","12":"purchasable","13":"product-type-simple"},"_links":{"self":[{"href":"https:\/\/stoic-curie.212-227-153-4.plesk.page\/hr\/wp-json\/wp\/v2\/product\/3692015","targetHints":{"allow":["GET"]}}],"collection":[{"href":"https:\/\/stoic-curie.212-227-153-4.plesk.page\/hr\/wp-json\/wp\/v2\/product"}],"about":[{"href":"https:\/\/stoic-curie.212-227-153-4.plesk.page\/hr\/wp-json\/wp\/v2\/types\/product"}],"replies":[{"embeddable":true,"href":"https:\/\/stoic-curie.212-227-153-4.plesk.page\/hr\/wp-json\/wp\/v2\/comments?post=3692015"}],"version-history":[{"count":0,"href":"https:\/\/stoic-curie.212-227-153-4.plesk.page\/hr\/wp-json\/wp\/v2\/product\/3692015\/revisions"}],"wp:featuredmedia":[{"embeddable":true,"href":"https:\/\/stoic-curie.212-227-153-4.plesk.page\/hr\/wp-json\/wp\/v2\/media\/5946776"}],"wp:attachment":[{"href":"https:\/\/stoic-curie.212-227-153-4.plesk.page\/hr\/wp-json\/wp\/v2\/media?parent=3692015"}],"wp:term":[{"taxonomy":"product_brand","embeddable":true,"href":"https:\/\/stoic-curie.212-227-153-4.plesk.page\/hr\/wp-json\/wp\/v2\/product_brand?post=3692015"},{"taxonomy":"product_cat","embeddable":true,"href":"https:\/\/stoic-curie.212-227-153-4.plesk.page\/hr\/wp-json\/wp\/v2\/product_cat?post=3692015"},{"taxonomy":"product_tag","embeddable":true,"href":"https:\/\/stoic-curie.212-227-153-4.plesk.page\/hr\/wp-json\/wp\/v2\/product_tag?post=3692015"}],"curies":[{"name":"wp","href":"https:\/\/api.w.org\/{rel}","templated":true}]}}