{"id":3692021,"date":"2025-10-13T13:49:44","date_gmt":"2025-10-13T17:49:44","guid":{"rendered":"https:\/\/stoic-curie.212-227-153-4.plesk.page\/product\/espresso-salica-s-tanjurom-mb-venezia-65-x-h52-cm-pakiranje-6-kom\/"},"modified":"2026-02-25T00:01:16","modified_gmt":"2026-02-25T00:01:16","slug":"espresso-salica-s-tanjurom-mb-venezia-65-x-h52-cm-pakiranje-6-kom","status":"publish","type":"product","link":"https:\/\/stoic-curie.212-227-153-4.plesk.page\/hr\/product\/espresso-salica-s-tanjurom-mb-venezia-65-x-h52-cm-pakiranje-6-kom\/","title":{"rendered":"Espresso \u0161alica s tanjurom MB Venezia 6,5 x H5,2 cm pakiranje 6 kom"},"content":{"rendered":"<p>Espresso \u0161alica s tanjurom MB Venezia 6,5 x H5,2 cm pakiranje 6 kom &#8211; <\/p>\n<p>Ukrasna espresso \u0161alica Venezia s tanjuri\u0107em. Napravljena od 100% certificirane melamine sigurnog za hranu. Pogodna za perilicu posu\u0111a, neuni\u0161tiva i otporna na mrlje. 6 kom\/pakiranje.<\/p>\n","protected":false},"excerpt":{"rendered":"<p>Espresso \u0161alica s tanjurom MB Venezia 6,5 x H5,2 cm pakiranje 6 kom &#8211; Ukrasna espresso \u0161alica Venezia s tanjuri\u0107em.<\/p>\n","protected":false},"featured_media":5946794,"comment_status":"closed","ping_status":"closed","template":"","meta":[],"product_brand":[3111],"product_cat":[1645],"product_tag":[],"class_list":{"0":"post-3692021","1":"product","2":"type-product","3":"status-publish","4":"has-post-thumbnail","6":"product_brand-marine-business-mb-hr","7":"product_cat-brodsko-posude","9":"first","10":"instock","11":"shipping-taxable","12":"purchasable","13":"product-type-simple"},"_links":{"self":[{"href":"https:\/\/stoic-curie.212-227-153-4.plesk.page\/hr\/wp-json\/wp\/v2\/product\/3692021","targetHints":{"allow":["GET"]}}],"collection":[{"href":"https:\/\/stoic-curie.212-227-153-4.plesk.page\/hr\/wp-json\/wp\/v2\/product"}],"about":[{"href":"https:\/\/stoic-curie.212-227-153-4.plesk.page\/hr\/wp-json\/wp\/v2\/types\/product"}],"replies":[{"embeddable":true,"href":"https:\/\/stoic-curie.212-227-153-4.plesk.page\/hr\/wp-json\/wp\/v2\/comments?post=3692021"}],"version-history":[{"count":0,"href":"https:\/\/stoic-curie.212-227-153-4.plesk.page\/hr\/wp-json\/wp\/v2\/product\/3692021\/revisions"}],"wp:featuredmedia":[{"embeddable":true,"href":"https:\/\/stoic-curie.212-227-153-4.plesk.page\/hr\/wp-json\/wp\/v2\/media\/5946794"}],"wp:attachment":[{"href":"https:\/\/stoic-curie.212-227-153-4.plesk.page\/hr\/wp-json\/wp\/v2\/media?parent=3692021"}],"wp:term":[{"taxonomy":"product_brand","embeddable":true,"href":"https:\/\/stoic-curie.212-227-153-4.plesk.page\/hr\/wp-json\/wp\/v2\/product_brand?post=3692021"},{"taxonomy":"product_cat","embeddable":true,"href":"https:\/\/stoic-curie.212-227-153-4.plesk.page\/hr\/wp-json\/wp\/v2\/product_cat?post=3692021"},{"taxonomy":"product_tag","embeddable":true,"href":"https:\/\/stoic-curie.212-227-153-4.plesk.page\/hr\/wp-json\/wp\/v2\/product_tag?post=3692021"}],"curies":[{"name":"wp","href":"https:\/\/api.w.org\/{rel}","templated":true}]}}