{"id":3692028,"date":"2025-10-13T13:49:45","date_gmt":"2025-10-13T17:49:45","guid":{"rendered":"https:\/\/stoic-curie.212-227-153-4.plesk.page\/product\/nehrdajuca-resetka-s-prikljuckom-za-crijevo-roca-82-x-82-x-v63mm\/"},"modified":"2026-02-25T00:01:16","modified_gmt":"2026-02-25T00:01:16","slug":"nehrdajuca-resetka-s-prikljuckom-za-crijevo-roca-82-x-82-x-v63mm","status":"publish","type":"product","link":"https:\/\/stoic-curie.212-227-153-4.plesk.page\/hr\/product\/nehrdajuca-resetka-s-prikljuckom-za-crijevo-roca-82-x-82-x-v63mm\/","title":{"rendered":"Nehr\u0111aju\u0107a re\u0161etka s priklju\u010dkom za crijevo Roca 82 x 82 x V63mm"},"content":{"rendered":"<p>Nehr\u0111aju\u0107a re\u0161etka s priklju\u010dkom za crijevo Roca 82 x 82 x V63mm &#8211; <\/p>\n<p>Roca 316 nehr\u0111aju\u0107i \u010delik okrugli ventil s plasti\u010dnim priklju\u010dkom za zra\u010dni crijevo za ventilacijske crijeva promjera 75 mm. Dva dijela se kupuju odvojeno.<\/p>\n","protected":false},"excerpt":{"rendered":"<p>Nehr\u0111aju\u0107a re\u0161etka s priklju\u010dkom za crijevo Roca 82 x 82 x V63mm &#8211; Roca 316 nehr\u0111aju\u0107i \u010delik okrugli ventil s<\/p>\n","protected":false},"featured_media":5946815,"comment_status":"closed","ping_status":"closed","template":"","meta":[],"product_brand":[3316],"product_cat":[1691,1699],"product_tag":[],"class_list":{"0":"post-3692028","1":"product","2":"type-product","3":"status-publish","4":"has-post-thumbnail","6":"product_brand-roca-marine-hr","7":"product_cat-otvori-za-zrak","8":"product_cat-palubni-ventilacijski-otvori","10":"first","11":"instock","12":"shipping-taxable","13":"purchasable","14":"product-type-simple"},"_links":{"self":[{"href":"https:\/\/stoic-curie.212-227-153-4.plesk.page\/hr\/wp-json\/wp\/v2\/product\/3692028","targetHints":{"allow":["GET"]}}],"collection":[{"href":"https:\/\/stoic-curie.212-227-153-4.plesk.page\/hr\/wp-json\/wp\/v2\/product"}],"about":[{"href":"https:\/\/stoic-curie.212-227-153-4.plesk.page\/hr\/wp-json\/wp\/v2\/types\/product"}],"replies":[{"embeddable":true,"href":"https:\/\/stoic-curie.212-227-153-4.plesk.page\/hr\/wp-json\/wp\/v2\/comments?post=3692028"}],"version-history":[{"count":0,"href":"https:\/\/stoic-curie.212-227-153-4.plesk.page\/hr\/wp-json\/wp\/v2\/product\/3692028\/revisions"}],"wp:featuredmedia":[{"embeddable":true,"href":"https:\/\/stoic-curie.212-227-153-4.plesk.page\/hr\/wp-json\/wp\/v2\/media\/5946815"}],"wp:attachment":[{"href":"https:\/\/stoic-curie.212-227-153-4.plesk.page\/hr\/wp-json\/wp\/v2\/media?parent=3692028"}],"wp:term":[{"taxonomy":"product_brand","embeddable":true,"href":"https:\/\/stoic-curie.212-227-153-4.plesk.page\/hr\/wp-json\/wp\/v2\/product_brand?post=3692028"},{"taxonomy":"product_cat","embeddable":true,"href":"https:\/\/stoic-curie.212-227-153-4.plesk.page\/hr\/wp-json\/wp\/v2\/product_cat?post=3692028"},{"taxonomy":"product_tag","embeddable":true,"href":"https:\/\/stoic-curie.212-227-153-4.plesk.page\/hr\/wp-json\/wp\/v2\/product_tag?post=3692028"}],"curies":[{"name":"wp","href":"https:\/\/api.w.org\/{rel}","templated":true}]}}