{"id":3692029,"date":"2025-10-13T13:49:45","date_gmt":"2025-10-13T17:49:45","guid":{"rendered":"https:\/\/stoic-curie.212-227-153-4.plesk.page\/product\/aaa-kljuc-za-prekidace-izolatora-baterije-714601-i-714608\/"},"modified":"2026-02-25T00:01:16","modified_gmt":"2026-02-25T00:01:16","slug":"aaa-kljuc-za-prekidace-izolatora-baterije-714601-i-714608","status":"publish","type":"product","link":"https:\/\/stoic-curie.212-227-153-4.plesk.page\/hr\/product\/aaa-kljuc-za-prekidace-izolatora-baterije-714601-i-714608\/","title":{"rendered":"AAA klju\u010d za prekidace izolatora baterije 714601 i 714608"},"content":{"rendered":"<p>AAA klju\u010d za prekidace izolatora baterije 714601 i 714608 &#8211; AAA rezervni \/ zamjenski crveni plasti\u010dni klju\u010d za prekida\u010de izolacije baterija 714601 i 714608.<\/p>\n<table class=\"table\">\n<tbody>\n<tr>\n<td><strong>Materijal<\/strong><\/td>\n<td>Plasti\u010dni klju\u010d<\/td>\n<\/tr>\n<tr>\n<td><strong>Marka<\/strong><\/td>\n<td>AAA<\/td>\n<\/tr>\n<tr>\n<td><strong>Primarna konstrukcija<\/strong><\/td>\n<td>Plastika<\/td>\n<\/tr>\n<\/tbody>\n<\/table>\n","protected":false},"excerpt":{"rendered":"<p>AAA klju\u010d za prekidace izolatora baterije 714601 i 714608 &#8211; AAA rezervni \/ zamjenski crveni plasti\u010dni klju\u010d za prekida\u010de izolacije<\/p>\n","protected":false},"featured_media":5946819,"comment_status":"closed","ping_status":"closed","template":"","meta":[],"product_brand":[3236],"product_cat":[1745],"product_tag":[],"class_list":{"0":"post-3692029","1":"product","2":"type-product","3":"status-publish","4":"has-post-thumbnail","6":"product_brand-osculati-hr","7":"product_cat-prekidaci-baterija","9":"first","10":"instock","11":"shipping-taxable","12":"purchasable","13":"product-type-simple"},"_links":{"self":[{"href":"https:\/\/stoic-curie.212-227-153-4.plesk.page\/hr\/wp-json\/wp\/v2\/product\/3692029","targetHints":{"allow":["GET"]}}],"collection":[{"href":"https:\/\/stoic-curie.212-227-153-4.plesk.page\/hr\/wp-json\/wp\/v2\/product"}],"about":[{"href":"https:\/\/stoic-curie.212-227-153-4.plesk.page\/hr\/wp-json\/wp\/v2\/types\/product"}],"replies":[{"embeddable":true,"href":"https:\/\/stoic-curie.212-227-153-4.plesk.page\/hr\/wp-json\/wp\/v2\/comments?post=3692029"}],"version-history":[{"count":0,"href":"https:\/\/stoic-curie.212-227-153-4.plesk.page\/hr\/wp-json\/wp\/v2\/product\/3692029\/revisions"}],"wp:featuredmedia":[{"embeddable":true,"href":"https:\/\/stoic-curie.212-227-153-4.plesk.page\/hr\/wp-json\/wp\/v2\/media\/5946819"}],"wp:attachment":[{"href":"https:\/\/stoic-curie.212-227-153-4.plesk.page\/hr\/wp-json\/wp\/v2\/media?parent=3692029"}],"wp:term":[{"taxonomy":"product_brand","embeddable":true,"href":"https:\/\/stoic-curie.212-227-153-4.plesk.page\/hr\/wp-json\/wp\/v2\/product_brand?post=3692029"},{"taxonomy":"product_cat","embeddable":true,"href":"https:\/\/stoic-curie.212-227-153-4.plesk.page\/hr\/wp-json\/wp\/v2\/product_cat?post=3692029"},{"taxonomy":"product_tag","embeddable":true,"href":"https:\/\/stoic-curie.212-227-153-4.plesk.page\/hr\/wp-json\/wp\/v2\/product_tag?post=3692029"}],"curies":[{"name":"wp","href":"https:\/\/api.w.org\/{rel}","templated":true}]}}