{"id":3692030,"date":"2025-10-13T13:49:45","date_gmt":"2025-10-13T17:49:45","guid":{"rendered":"https:\/\/stoic-curie.212-227-153-4.plesk.page\/product\/roca-adapter-b2-za-j-hook-prikljucke\/"},"modified":"2026-02-25T00:01:16","modified_gmt":"2026-02-25T00:01:16","slug":"roca-adapter-b2-za-j-hook-prikljucke","status":"publish","type":"product","link":"https:\/\/stoic-curie.212-227-153-4.plesk.page\/hr\/product\/roca-adapter-b2-za-j-hook-prikljucke\/","title":{"rendered":"Roca adapter B2 za J-Hook prikljucke"},"content":{"rendered":"<p>Roca adapter B2 za J-Hook prikljucke &#8211; <\/p>\n<p>Rezervni L62 mm opruge od nehr\u0111aju\u0107eg \u010delika za rame brisa\u010da. Rezervna plo\u010da od nehr\u0111aju\u0107eg \u010delika za W10\/W12 pantografne ruke. Ravni ili J-kuka adapteri za monta\u017eu no\u017eeva.<\/p>\n","protected":false},"excerpt":{"rendered":"<p>Roca adapter B2 za J-Hook prikljucke &#8211; Rezervni L62 mm opruge od nehr\u0111aju\u0107eg \u010delika za rame brisa\u010da. Rezervna plo\u010da od<\/p>\n","protected":false},"featured_media":5946820,"comment_status":"closed","ping_status":"closed","template":"","meta":[],"product_brand":[3316],"product_cat":[1735],"product_tag":[],"class_list":{"0":"post-3692030","1":"product","2":"type-product","3":"status-publish","4":"has-post-thumbnail","6":"product_brand-roca-marine-hr","7":"product_cat-brisaci-vjetrobranskog-stakla-na-brodu","9":"first","10":"instock","11":"shipping-taxable","12":"purchasable","13":"product-type-simple"},"_links":{"self":[{"href":"https:\/\/stoic-curie.212-227-153-4.plesk.page\/hr\/wp-json\/wp\/v2\/product\/3692030","targetHints":{"allow":["GET"]}}],"collection":[{"href":"https:\/\/stoic-curie.212-227-153-4.plesk.page\/hr\/wp-json\/wp\/v2\/product"}],"about":[{"href":"https:\/\/stoic-curie.212-227-153-4.plesk.page\/hr\/wp-json\/wp\/v2\/types\/product"}],"replies":[{"embeddable":true,"href":"https:\/\/stoic-curie.212-227-153-4.plesk.page\/hr\/wp-json\/wp\/v2\/comments?post=3692030"}],"version-history":[{"count":0,"href":"https:\/\/stoic-curie.212-227-153-4.plesk.page\/hr\/wp-json\/wp\/v2\/product\/3692030\/revisions"}],"wp:featuredmedia":[{"embeddable":true,"href":"https:\/\/stoic-curie.212-227-153-4.plesk.page\/hr\/wp-json\/wp\/v2\/media\/5946820"}],"wp:attachment":[{"href":"https:\/\/stoic-curie.212-227-153-4.plesk.page\/hr\/wp-json\/wp\/v2\/media?parent=3692030"}],"wp:term":[{"taxonomy":"product_brand","embeddable":true,"href":"https:\/\/stoic-curie.212-227-153-4.plesk.page\/hr\/wp-json\/wp\/v2\/product_brand?post=3692030"},{"taxonomy":"product_cat","embeddable":true,"href":"https:\/\/stoic-curie.212-227-153-4.plesk.page\/hr\/wp-json\/wp\/v2\/product_cat?post=3692030"},{"taxonomy":"product_tag","embeddable":true,"href":"https:\/\/stoic-curie.212-227-153-4.plesk.page\/hr\/wp-json\/wp\/v2\/product_tag?post=3692030"}],"curies":[{"name":"wp","href":"https:\/\/api.w.org\/{rel}","templated":true}]}}