{"id":3692036,"date":"2025-10-13T13:49:46","date_gmt":"2025-10-13T17:49:46","guid":{"rendered":"https:\/\/stoic-curie.212-227-153-4.plesk.page\/product\/abrazivni-diskovi-3m-325u-150mm-p220\/"},"modified":"2026-02-25T00:01:16","modified_gmt":"2026-02-25T00:01:16","slug":"abrazivni-diskovi-3m-325u-150mm-p220","status":"publish","type":"product","link":"https:\/\/stoic-curie.212-227-153-4.plesk.page\/hr\/product\/abrazivni-diskovi-3m-325u-150mm-p220\/","title":{"rendered":"Abrazivni diskovi 3M 325U 150mm P220"},"content":{"rendered":"<p>Abrazivni diskovi 3M 325U 150mm P220 &#8211; <\/p>\n<p>3M vi\u0161epu\u010dani 325U Hookit brusni diskovi od sintetiziranog kerami\u010dkog minerala, koji garantiraju br\u017ee rezanje i du\u017ei vek trajanja. Spiralno vi\u0161epu\u010danje osigurava optimalno usisavanje pra\u0161ine. Hookit sistem za vezivanje pomo\u0107u velcro. Idealno za pripremu povr\u0161ina, bru\u0161enje podloga, premaza, boja, gelcoata i epoksida. Isporu\u010duje se u pakovanjima od 100 komada.<\/p>\n","protected":false},"excerpt":{"rendered":"<p>Abrazivni diskovi 3M 325U 150mm P220 &#8211; 3M vi\u0161epu\u010dani 325U Hookit brusni diskovi od sintetiziranog kerami\u010dkog minerala, koji garantiraju br\u017ee<\/p>\n","protected":false},"featured_media":5946825,"comment_status":"closed","ping_status":"closed","template":"","meta":[],"product_brand":[2771],"product_cat":[1632],"product_tag":[],"class_list":{"0":"post-3692036","1":"product","2":"type-product","3":"status-publish","4":"has-post-thumbnail","6":"product_brand-3m-marine-hr","7":"product_cat-alati-za-bojanje","9":"first","10":"outofstock","11":"shipping-taxable","12":"purchasable","13":"product-type-simple"},"_links":{"self":[{"href":"https:\/\/stoic-curie.212-227-153-4.plesk.page\/hr\/wp-json\/wp\/v2\/product\/3692036","targetHints":{"allow":["GET"]}}],"collection":[{"href":"https:\/\/stoic-curie.212-227-153-4.plesk.page\/hr\/wp-json\/wp\/v2\/product"}],"about":[{"href":"https:\/\/stoic-curie.212-227-153-4.plesk.page\/hr\/wp-json\/wp\/v2\/types\/product"}],"replies":[{"embeddable":true,"href":"https:\/\/stoic-curie.212-227-153-4.plesk.page\/hr\/wp-json\/wp\/v2\/comments?post=3692036"}],"version-history":[{"count":0,"href":"https:\/\/stoic-curie.212-227-153-4.plesk.page\/hr\/wp-json\/wp\/v2\/product\/3692036\/revisions"}],"wp:featuredmedia":[{"embeddable":true,"href":"https:\/\/stoic-curie.212-227-153-4.plesk.page\/hr\/wp-json\/wp\/v2\/media\/5946825"}],"wp:attachment":[{"href":"https:\/\/stoic-curie.212-227-153-4.plesk.page\/hr\/wp-json\/wp\/v2\/media?parent=3692036"}],"wp:term":[{"taxonomy":"product_brand","embeddable":true,"href":"https:\/\/stoic-curie.212-227-153-4.plesk.page\/hr\/wp-json\/wp\/v2\/product_brand?post=3692036"},{"taxonomy":"product_cat","embeddable":true,"href":"https:\/\/stoic-curie.212-227-153-4.plesk.page\/hr\/wp-json\/wp\/v2\/product_cat?post=3692036"},{"taxonomy":"product_tag","embeddable":true,"href":"https:\/\/stoic-curie.212-227-153-4.plesk.page\/hr\/wp-json\/wp\/v2\/product_tag?post=3692036"}],"curies":[{"name":"wp","href":"https:\/\/api.w.org\/{rel}","templated":true}]}}