{"id":3692042,"date":"2025-10-13T13:49:47","date_gmt":"2025-10-13T17:49:47","guid":{"rendered":"https:\/\/stoic-curie.212-227-153-4.plesk.page\/product\/drzac-osiguraca-za-6-standardnih-unival-osiguraca-85-x-75-x-v35mm\/"},"modified":"2026-02-25T00:01:16","modified_gmt":"2026-02-25T00:01:16","slug":"drzac-osiguraca-za-6-standardnih-unival-osiguraca-85-x-75-x-v35mm","status":"publish","type":"product","link":"https:\/\/stoic-curie.212-227-153-4.plesk.page\/hr\/product\/drzac-osiguraca-za-6-standardnih-unival-osiguraca-85-x-75-x-v35mm\/","title":{"rendered":"Dr\u017ea\u010d osiguraca za 6 standardnih (Unival) osiguraca 85 x 75 x V35mm"},"content":{"rendered":"<p>Dr\u017ea\u010d osiguraca za 6 standardnih (Unival) osiguraca 85 x 75 x V35mm &#8211; <\/p>\n<p>Standardni midi osigura\u010d s zajedni\u010dkim pozitivnim. LED indikator alarma koji se aktivira kada osigura\u010d pregori. Prozirni za\u0161titni poklopac. Ljepljive oznake sa simbolima kori\u0161tenja. Vijke klemama za dodatnu sigurnost.<\/p>\n","protected":false},"excerpt":{"rendered":"<p>Dr\u017ea\u010d osiguraca za 6 standardnih (Unival) osiguraca 85 x 75 x V35mm &#8211; Standardni midi osigura\u010d s zajedni\u010dkim pozitivnim. LED<\/p>\n","protected":false},"featured_media":5946830,"comment_status":"closed","ping_status":"closed","template":"","meta":[],"product_brand":[2831],"product_cat":[1740],"product_tag":[],"class_list":{"0":"post-3692042","1":"product","2":"type-product","3":"status-publish","4":"has-post-thumbnail","6":"product_brand-blue-sea-systems-hr","7":"product_cat-elektricni-pribor","9":"first","10":"instock","11":"shipping-taxable","12":"purchasable","13":"product-type-simple"},"_links":{"self":[{"href":"https:\/\/stoic-curie.212-227-153-4.plesk.page\/hr\/wp-json\/wp\/v2\/product\/3692042","targetHints":{"allow":["GET"]}}],"collection":[{"href":"https:\/\/stoic-curie.212-227-153-4.plesk.page\/hr\/wp-json\/wp\/v2\/product"}],"about":[{"href":"https:\/\/stoic-curie.212-227-153-4.plesk.page\/hr\/wp-json\/wp\/v2\/types\/product"}],"replies":[{"embeddable":true,"href":"https:\/\/stoic-curie.212-227-153-4.plesk.page\/hr\/wp-json\/wp\/v2\/comments?post=3692042"}],"version-history":[{"count":0,"href":"https:\/\/stoic-curie.212-227-153-4.plesk.page\/hr\/wp-json\/wp\/v2\/product\/3692042\/revisions"}],"wp:featuredmedia":[{"embeddable":true,"href":"https:\/\/stoic-curie.212-227-153-4.plesk.page\/hr\/wp-json\/wp\/v2\/media\/5946830"}],"wp:attachment":[{"href":"https:\/\/stoic-curie.212-227-153-4.plesk.page\/hr\/wp-json\/wp\/v2\/media?parent=3692042"}],"wp:term":[{"taxonomy":"product_brand","embeddable":true,"href":"https:\/\/stoic-curie.212-227-153-4.plesk.page\/hr\/wp-json\/wp\/v2\/product_brand?post=3692042"},{"taxonomy":"product_cat","embeddable":true,"href":"https:\/\/stoic-curie.212-227-153-4.plesk.page\/hr\/wp-json\/wp\/v2\/product_cat?post=3692042"},{"taxonomy":"product_tag","embeddable":true,"href":"https:\/\/stoic-curie.212-227-153-4.plesk.page\/hr\/wp-json\/wp\/v2\/product_tag?post=3692042"}],"curies":[{"name":"wp","href":"https:\/\/api.w.org\/{rel}","templated":true}]}}