{"id":3692044,"date":"2025-10-13T13:49:47","date_gmt":"2025-10-13T17:49:47","guid":{"rendered":"https:\/\/stoic-curie.212-227-153-4.plesk.page\/product\/boatasy-cistac-uzeta\/"},"modified":"2026-02-25T00:01:16","modified_gmt":"2026-02-25T00:01:16","slug":"boatasy-cistac-uzeta","status":"publish","type":"product","link":"https:\/\/stoic-curie.212-227-153-4.plesk.page\/hr\/product\/boatasy-cistac-uzeta\/","title":{"rendered":"Boatasy \u010dista\u010d u\u017eeta"},"content":{"rendered":"<p>Boatasy \u010dista\u010d u\u017eeta &#8211; <\/p>\n<p>Alat za \u010di\u0161\u0107enje veznih konopa i bilo kojih drugih u\u017eadi prekrivenih algama, \u0161koljkama i prljav\u0161tinom. Jednostavno, brzo i \u010disto za kori\u0161tenje: samo provucite konop kroz spiralnu strukturu za potpuno uklanjanje vegetacije. Sprje\u010dava abraziju ruku i odr\u017eava sredstvo za vezivanje \u010distim. Pogodno za sve konope do 32 mm.<\/p>\n","protected":false},"excerpt":{"rendered":"<p>Boatasy \u010dista\u010d u\u017eeta &#8211; Alat za \u010di\u0161\u0107enje veznih konopa i bilo kojih drugih u\u017eadi prekrivenih algama, \u0161koljkama i prljav\u0161tinom. Jednostavno,<\/p>\n","protected":false},"featured_media":5946836,"comment_status":"closed","ping_status":"closed","template":"","meta":[],"product_brand":[2836],"product_cat":[1613,1622,1862],"product_tag":[],"class_list":{"0":"post-3692044","1":"product","2":"type-product","3":"status-publish","4":"has-post-thumbnail","6":"product_brand-boatasy-hr","7":"product_cat-alati-za-rezanje","8":"product_cat-konopi-za-pristajanje-i-privez","9":"product_cat-sidreno-uze","11":"first","12":"instock","13":"shipping-taxable","14":"purchasable","15":"product-type-simple"},"_links":{"self":[{"href":"https:\/\/stoic-curie.212-227-153-4.plesk.page\/hr\/wp-json\/wp\/v2\/product\/3692044","targetHints":{"allow":["GET"]}}],"collection":[{"href":"https:\/\/stoic-curie.212-227-153-4.plesk.page\/hr\/wp-json\/wp\/v2\/product"}],"about":[{"href":"https:\/\/stoic-curie.212-227-153-4.plesk.page\/hr\/wp-json\/wp\/v2\/types\/product"}],"replies":[{"embeddable":true,"href":"https:\/\/stoic-curie.212-227-153-4.plesk.page\/hr\/wp-json\/wp\/v2\/comments?post=3692044"}],"version-history":[{"count":0,"href":"https:\/\/stoic-curie.212-227-153-4.plesk.page\/hr\/wp-json\/wp\/v2\/product\/3692044\/revisions"}],"wp:featuredmedia":[{"embeddable":true,"href":"https:\/\/stoic-curie.212-227-153-4.plesk.page\/hr\/wp-json\/wp\/v2\/media\/5946836"}],"wp:attachment":[{"href":"https:\/\/stoic-curie.212-227-153-4.plesk.page\/hr\/wp-json\/wp\/v2\/media?parent=3692044"}],"wp:term":[{"taxonomy":"product_brand","embeddable":true,"href":"https:\/\/stoic-curie.212-227-153-4.plesk.page\/hr\/wp-json\/wp\/v2\/product_brand?post=3692044"},{"taxonomy":"product_cat","embeddable":true,"href":"https:\/\/stoic-curie.212-227-153-4.plesk.page\/hr\/wp-json\/wp\/v2\/product_cat?post=3692044"},{"taxonomy":"product_tag","embeddable":true,"href":"https:\/\/stoic-curie.212-227-153-4.plesk.page\/hr\/wp-json\/wp\/v2\/product_tag?post=3692044"}],"curies":[{"name":"wp","href":"https:\/\/api.w.org\/{rel}","templated":true}]}}