{"id":3692048,"date":"2025-10-13T13:49:48","date_gmt":"2025-10-13T17:49:48","guid":{"rendered":"https:\/\/stoic-curie.212-227-153-4.plesk.page\/product\/oprema-za-brisace-za-roca-za-montazu-kroz-pregrdu-d80-mm\/"},"modified":"2026-02-25T00:01:16","modified_gmt":"2026-02-25T00:01:16","slug":"oprema-za-brisace-za-roca-za-montazu-kroz-pregrdu-d80-mm","status":"publish","type":"product","link":"https:\/\/stoic-curie.212-227-153-4.plesk.page\/hr\/product\/oprema-za-brisace-za-roca-za-montazu-kroz-pregrdu-d80-mm\/","title":{"rendered":"Oprema za brisa\u010de za Roca za monta\u017eu kroz pregrdu, d80 mm"},"content":{"rendered":"<p>Oprema za brisa\u010de za Roca za monta\u017eu kroz pregrdu, d80 mm  &#8211; <\/p>\n<p>Prskalice za pranje brisa\u010da s cijevi od 4 mm do crijeva, u kompletu s crijevom duljine 110 cm. M8 navojni prolaz s cijevi od 4 mm do crijeva. 5 metara EPDM gumene vodene crijevo s UV za\u0161titom, promjer 4 mm, vanjski 7 mm.<\/p>\n","protected":false},"excerpt":{"rendered":"<p>Oprema za brisa\u010de za Roca za monta\u017eu kroz pregrdu, d80 mm &#8211; Prskalice za pranje brisa\u010da s cijevi od 4<\/p>\n","protected":false},"featured_media":5946844,"comment_status":"closed","ping_status":"closed","template":"","meta":[],"product_brand":[3316],"product_cat":[1735],"product_tag":[],"class_list":{"0":"post-3692048","1":"product","2":"type-product","3":"status-publish","4":"has-post-thumbnail","6":"product_brand-roca-marine-hr","7":"product_cat-brisaci-vjetrobranskog-stakla-na-brodu","9":"first","10":"instock","11":"shipping-taxable","12":"purchasable","13":"product-type-simple"},"_links":{"self":[{"href":"https:\/\/stoic-curie.212-227-153-4.plesk.page\/hr\/wp-json\/wp\/v2\/product\/3692048","targetHints":{"allow":["GET"]}}],"collection":[{"href":"https:\/\/stoic-curie.212-227-153-4.plesk.page\/hr\/wp-json\/wp\/v2\/product"}],"about":[{"href":"https:\/\/stoic-curie.212-227-153-4.plesk.page\/hr\/wp-json\/wp\/v2\/types\/product"}],"replies":[{"embeddable":true,"href":"https:\/\/stoic-curie.212-227-153-4.plesk.page\/hr\/wp-json\/wp\/v2\/comments?post=3692048"}],"version-history":[{"count":0,"href":"https:\/\/stoic-curie.212-227-153-4.plesk.page\/hr\/wp-json\/wp\/v2\/product\/3692048\/revisions"}],"wp:featuredmedia":[{"embeddable":true,"href":"https:\/\/stoic-curie.212-227-153-4.plesk.page\/hr\/wp-json\/wp\/v2\/media\/5946844"}],"wp:attachment":[{"href":"https:\/\/stoic-curie.212-227-153-4.plesk.page\/hr\/wp-json\/wp\/v2\/media?parent=3692048"}],"wp:term":[{"taxonomy":"product_brand","embeddable":true,"href":"https:\/\/stoic-curie.212-227-153-4.plesk.page\/hr\/wp-json\/wp\/v2\/product_brand?post=3692048"},{"taxonomy":"product_cat","embeddable":true,"href":"https:\/\/stoic-curie.212-227-153-4.plesk.page\/hr\/wp-json\/wp\/v2\/product_cat?post=3692048"},{"taxonomy":"product_tag","embeddable":true,"href":"https:\/\/stoic-curie.212-227-153-4.plesk.page\/hr\/wp-json\/wp\/v2\/product_tag?post=3692048"}],"curies":[{"name":"wp","href":"https:\/\/api.w.org\/{rel}","templated":true}]}}