{"id":3692049,"date":"2025-10-13T13:49:48","date_gmt":"2025-10-13T17:49:48","guid":{"rendered":"https:\/\/stoic-curie.212-227-153-4.plesk.page\/product\/drzac-osiguraca-za-10-standardnih-unival-osiguraca-85-x-100-x-h35mm\/"},"modified":"2026-02-25T00:01:16","modified_gmt":"2026-02-25T00:01:16","slug":"drzac-osiguraca-za-10-standardnih-unival-osiguraca-85-x-100-x-h35mm","status":"publish","type":"product","link":"https:\/\/stoic-curie.212-227-153-4.plesk.page\/hr\/product\/drzac-osiguraca-za-10-standardnih-unival-osiguraca-85-x-100-x-h35mm\/","title":{"rendered":"Dr\u017ea\u010d osiguraca za 10 standardnih (Unival) osiguraca 85 x 100 x h35MM"},"content":{"rendered":"<p>Dr\u017ea\u010d osiguraca za 10 standardnih (Unival) osiguraca 85 x 100 x h35MM &#8211; <\/p>\n<p>Standardni MIDI osigura\u010d s zajedni\u010dkom pozitivom. LED alarm indikator koji se aktivira kada je osigura\u010d pregorio. Prozirna za\u0161titna kapa. Ljepljive oznake s simbolima. Vij\u010dani terminali za dodatnu sigurnost.<\/p>\n","protected":false},"excerpt":{"rendered":"<p>Dr\u017ea\u010d osiguraca za 10 standardnih (Unival) osiguraca 85 x 100 x h35MM &#8211; Standardni MIDI osigura\u010d s zajedni\u010dkom pozitivom. LED<\/p>\n","protected":false},"featured_media":5946830,"comment_status":"closed","ping_status":"closed","template":"","meta":[],"product_brand":[2831],"product_cat":[1740],"product_tag":[],"class_list":{"0":"post-3692049","1":"product","2":"type-product","3":"status-publish","4":"has-post-thumbnail","6":"product_brand-blue-sea-systems-hr","7":"product_cat-elektricni-pribor","9":"first","10":"instock","11":"shipping-taxable","12":"purchasable","13":"product-type-simple"},"_links":{"self":[{"href":"https:\/\/stoic-curie.212-227-153-4.plesk.page\/hr\/wp-json\/wp\/v2\/product\/3692049","targetHints":{"allow":["GET"]}}],"collection":[{"href":"https:\/\/stoic-curie.212-227-153-4.plesk.page\/hr\/wp-json\/wp\/v2\/product"}],"about":[{"href":"https:\/\/stoic-curie.212-227-153-4.plesk.page\/hr\/wp-json\/wp\/v2\/types\/product"}],"replies":[{"embeddable":true,"href":"https:\/\/stoic-curie.212-227-153-4.plesk.page\/hr\/wp-json\/wp\/v2\/comments?post=3692049"}],"version-history":[{"count":0,"href":"https:\/\/stoic-curie.212-227-153-4.plesk.page\/hr\/wp-json\/wp\/v2\/product\/3692049\/revisions"}],"wp:featuredmedia":[{"embeddable":true,"href":"https:\/\/stoic-curie.212-227-153-4.plesk.page\/hr\/wp-json\/wp\/v2\/media\/5946830"}],"wp:attachment":[{"href":"https:\/\/stoic-curie.212-227-153-4.plesk.page\/hr\/wp-json\/wp\/v2\/media?parent=3692049"}],"wp:term":[{"taxonomy":"product_brand","embeddable":true,"href":"https:\/\/stoic-curie.212-227-153-4.plesk.page\/hr\/wp-json\/wp\/v2\/product_brand?post=3692049"},{"taxonomy":"product_cat","embeddable":true,"href":"https:\/\/stoic-curie.212-227-153-4.plesk.page\/hr\/wp-json\/wp\/v2\/product_cat?post=3692049"},{"taxonomy":"product_tag","embeddable":true,"href":"https:\/\/stoic-curie.212-227-153-4.plesk.page\/hr\/wp-json\/wp\/v2\/product_tag?post=3692049"}],"curies":[{"name":"wp","href":"https:\/\/api.w.org\/{rel}","templated":true}]}}