{"id":3692050,"date":"2025-10-13T13:49:48","date_gmt":"2025-10-13T17:49:48","guid":{"rendered":"https:\/\/stoic-curie.212-227-153-4.plesk.page\/product\/kutija-s-osiguracima-za-6-standardnih-unival-osiguraca-88-x-88-x-v36mm\/"},"modified":"2026-02-25T00:01:16","modified_gmt":"2026-02-25T00:01:16","slug":"kutija-s-osiguracima-za-6-standardnih-unival-osiguraca-88-x-88-x-v36mm","status":"publish","type":"product","link":"https:\/\/stoic-curie.212-227-153-4.plesk.page\/hr\/product\/kutija-s-osiguracima-za-6-standardnih-unival-osiguraca-88-x-88-x-v36mm\/","title":{"rendered":"Kutija s osiguracima za 6 standardnih (Unival) osiguraca 88 x 88 x V36mm"},"content":{"rendered":"<p>Kutija s osiguracima za 6 standardnih (Unival) osiguraca 88 x 88 x V36mm &#8211; <\/p>\n<p>Standardni midi-blok osigura\u010da s zajedni\u010dkim pozitivnim priklju\u010dkom i distribucijskom \u0161inom. Modulima koji se me\u0111usobno isprepli\u0107u sa vij\u010danim terminalima za dodatnu sigurnost. LED alarm indikator koji se aktivira kada je osigura\u010d pregorio. Prozirna za\u0161titna kapa. Samoljepljive oznake s korisni\u010dkim simbolima. Kompletan sa osigura\u010dima.<\/p>\n","protected":false},"excerpt":{"rendered":"<p>Kutija s osiguracima za 6 standardnih (Unival) osiguraca 88 x 88 x V36mm &#8211; Standardni midi-blok osigura\u010da s zajedni\u010dkim pozitivnim<\/p>\n","protected":false},"featured_media":5946741,"comment_status":"closed","ping_status":"closed","template":"","meta":[],"product_brand":[2831],"product_cat":[1740],"product_tag":[],"class_list":{"0":"post-3692050","1":"product","2":"type-product","3":"status-publish","4":"has-post-thumbnail","6":"product_brand-blue-sea-systems-hr","7":"product_cat-elektricni-pribor","9":"first","10":"instock","11":"shipping-taxable","12":"purchasable","13":"product-type-simple"},"_links":{"self":[{"href":"https:\/\/stoic-curie.212-227-153-4.plesk.page\/hr\/wp-json\/wp\/v2\/product\/3692050","targetHints":{"allow":["GET"]}}],"collection":[{"href":"https:\/\/stoic-curie.212-227-153-4.plesk.page\/hr\/wp-json\/wp\/v2\/product"}],"about":[{"href":"https:\/\/stoic-curie.212-227-153-4.plesk.page\/hr\/wp-json\/wp\/v2\/types\/product"}],"replies":[{"embeddable":true,"href":"https:\/\/stoic-curie.212-227-153-4.plesk.page\/hr\/wp-json\/wp\/v2\/comments?post=3692050"}],"version-history":[{"count":0,"href":"https:\/\/stoic-curie.212-227-153-4.plesk.page\/hr\/wp-json\/wp\/v2\/product\/3692050\/revisions"}],"wp:featuredmedia":[{"embeddable":true,"href":"https:\/\/stoic-curie.212-227-153-4.plesk.page\/hr\/wp-json\/wp\/v2\/media\/5946741"}],"wp:attachment":[{"href":"https:\/\/stoic-curie.212-227-153-4.plesk.page\/hr\/wp-json\/wp\/v2\/media?parent=3692050"}],"wp:term":[{"taxonomy":"product_brand","embeddable":true,"href":"https:\/\/stoic-curie.212-227-153-4.plesk.page\/hr\/wp-json\/wp\/v2\/product_brand?post=3692050"},{"taxonomy":"product_cat","embeddable":true,"href":"https:\/\/stoic-curie.212-227-153-4.plesk.page\/hr\/wp-json\/wp\/v2\/product_cat?post=3692050"},{"taxonomy":"product_tag","embeddable":true,"href":"https:\/\/stoic-curie.212-227-153-4.plesk.page\/hr\/wp-json\/wp\/v2\/product_tag?post=3692050"}],"curies":[{"name":"wp","href":"https:\/\/api.w.org\/{rel}","templated":true}]}}