{"id":3692057,"date":"2025-10-13T13:49:49","date_gmt":"2025-10-13T17:49:49","guid":{"rendered":"https:\/\/stoic-curie.212-227-153-4.plesk.page\/product\/rukavice-za-jedrenje-musto-essential-full-size-xs\/"},"modified":"2026-02-25T00:01:16","modified_gmt":"2026-02-25T00:01:16","slug":"rukavice-za-jedrenje-musto-essential-full-size-xs","status":"publish","type":"product","link":"https:\/\/stoic-curie.212-227-153-4.plesk.page\/hr\/product\/rukavice-za-jedrenje-musto-essential-full-size-xs\/","title":{"rendered":"Rukavice za jedrenje Musto Essential Full &#8211; Size: XS"},"content":{"rendered":"<p>Rukavice za jedrenje Musto Essential Full &#8211; Size: XS &#8211; <\/p>\n<p>Musto Essential jedrili\u010darski rukavice od dinami\u010dke mre\u017easte konstrukcije s 4-smjernim rastezanjem koja osigurava prozra\u010dni, anatomski udobnosti s potpunom slobodom kretanja. Strate\u0161ki postavljene za\u0161titne plo\u010de pove\u0107avaju izdr\u017eljivost, dok preko-dimenzionalna \u010di\u010dak zape\u0161\u0107a zadr\u017eava toplinu i pru\u017ea prilago\u0111eno pristajanje.<\/p>\n","protected":false},"excerpt":{"rendered":"<p>Rukavice za jedrenje Musto Essential Full &#8211; Size: XS &#8211; Musto Essential jedrili\u010darski rukavice od dinami\u010dke mre\u017easte konstrukcije s 4-smjernim<\/p>\n","protected":false},"featured_media":5946848,"comment_status":"closed","ping_status":"closed","template":"","meta":[],"product_brand":[3156],"product_cat":[1854,1858],"product_tag":[],"class_list":{"0":"post-3692057","1":"product","2":"type-product","3":"status-publish","4":"has-post-thumbnail","6":"product_brand-musto-hr","7":"product_cat-jedrilicarska-odjeca-musto","8":"product_cat-rukavice-za-jedrenje","10":"first","11":"instock","12":"shipping-taxable","13":"purchasable","14":"product-type-simple"},"_links":{"self":[{"href":"https:\/\/stoic-curie.212-227-153-4.plesk.page\/hr\/wp-json\/wp\/v2\/product\/3692057","targetHints":{"allow":["GET"]}}],"collection":[{"href":"https:\/\/stoic-curie.212-227-153-4.plesk.page\/hr\/wp-json\/wp\/v2\/product"}],"about":[{"href":"https:\/\/stoic-curie.212-227-153-4.plesk.page\/hr\/wp-json\/wp\/v2\/types\/product"}],"replies":[{"embeddable":true,"href":"https:\/\/stoic-curie.212-227-153-4.plesk.page\/hr\/wp-json\/wp\/v2\/comments?post=3692057"}],"version-history":[{"count":0,"href":"https:\/\/stoic-curie.212-227-153-4.plesk.page\/hr\/wp-json\/wp\/v2\/product\/3692057\/revisions"}],"wp:featuredmedia":[{"embeddable":true,"href":"https:\/\/stoic-curie.212-227-153-4.plesk.page\/hr\/wp-json\/wp\/v2\/media\/5946848"}],"wp:attachment":[{"href":"https:\/\/stoic-curie.212-227-153-4.plesk.page\/hr\/wp-json\/wp\/v2\/media?parent=3692057"}],"wp:term":[{"taxonomy":"product_brand","embeddable":true,"href":"https:\/\/stoic-curie.212-227-153-4.plesk.page\/hr\/wp-json\/wp\/v2\/product_brand?post=3692057"},{"taxonomy":"product_cat","embeddable":true,"href":"https:\/\/stoic-curie.212-227-153-4.plesk.page\/hr\/wp-json\/wp\/v2\/product_cat?post=3692057"},{"taxonomy":"product_tag","embeddable":true,"href":"https:\/\/stoic-curie.212-227-153-4.plesk.page\/hr\/wp-json\/wp\/v2\/product_tag?post=3692057"}],"curies":[{"name":"wp","href":"https:\/\/api.w.org\/{rel}","templated":true}]}}