{"id":3692063,"date":"2025-10-13T13:49:51","date_gmt":"2025-10-13T17:49:51","guid":{"rendered":"https:\/\/stoic-curie.212-227-153-4.plesk.page\/product\/plutajuci-noz-za-spasavanje-14-cm\/"},"modified":"2026-02-25T00:01:16","modified_gmt":"2026-02-25T00:01:16","slug":"plutajuci-noz-za-spasavanje-14-cm","status":"publish","type":"product","link":"https:\/\/stoic-curie.212-227-153-4.plesk.page\/hr\/product\/plutajuci-noz-za-spasavanje-14-cm\/","title":{"rendered":"Plutajuci no\u017e za spa\u0161avanje 14 cm"},"content":{"rendered":"<p>Plutajuci no\u017e za spa\u0161avanje 14 cm &#8211; <\/p>\n<p>Plutaju\u0107i no\u017e za spa\u0161avanje s reza\u010dem za u\u017ee, otvara\u010dem za karabine, futrolom i remenom. Pro\u0161irena ru\u010dka od PP-a i o\u0161trica od nehr\u0111aju\u0107eg \u010delika W1.4028.<\/p>\n","protected":false},"excerpt":{"rendered":"<p>Plutajuci no\u017e za spa\u0161avanje 14 cm &#8211; Plutaju\u0107i no\u017e za spa\u0161avanje s reza\u010dem za u\u017ee, otvara\u010dem za karabine, futrolom i<\/p>\n","protected":false},"featured_media":5946849,"comment_status":"closed","ping_status":"closed","template":"","meta":[],"product_brand":[3516],"product_cat":[1856,1605],"product_tag":[],"class_list":{"0":"post-3692063","1":"product","2":"type-product","3":"status-publish","4":"has-post-thumbnail","6":"product_brand-veleria-san-giorgio-hr","7":"product_cat-jedrilicarski-nozevi-i-alati","8":"product_cat-oprema-za-sigurnost-plovila","10":"first","11":"instock","12":"shipping-taxable","13":"purchasable","14":"product-type-simple"},"_links":{"self":[{"href":"https:\/\/stoic-curie.212-227-153-4.plesk.page\/hr\/wp-json\/wp\/v2\/product\/3692063","targetHints":{"allow":["GET"]}}],"collection":[{"href":"https:\/\/stoic-curie.212-227-153-4.plesk.page\/hr\/wp-json\/wp\/v2\/product"}],"about":[{"href":"https:\/\/stoic-curie.212-227-153-4.plesk.page\/hr\/wp-json\/wp\/v2\/types\/product"}],"replies":[{"embeddable":true,"href":"https:\/\/stoic-curie.212-227-153-4.plesk.page\/hr\/wp-json\/wp\/v2\/comments?post=3692063"}],"version-history":[{"count":0,"href":"https:\/\/stoic-curie.212-227-153-4.plesk.page\/hr\/wp-json\/wp\/v2\/product\/3692063\/revisions"}],"wp:featuredmedia":[{"embeddable":true,"href":"https:\/\/stoic-curie.212-227-153-4.plesk.page\/hr\/wp-json\/wp\/v2\/media\/5946849"}],"wp:attachment":[{"href":"https:\/\/stoic-curie.212-227-153-4.plesk.page\/hr\/wp-json\/wp\/v2\/media?parent=3692063"}],"wp:term":[{"taxonomy":"product_brand","embeddable":true,"href":"https:\/\/stoic-curie.212-227-153-4.plesk.page\/hr\/wp-json\/wp\/v2\/product_brand?post=3692063"},{"taxonomy":"product_cat","embeddable":true,"href":"https:\/\/stoic-curie.212-227-153-4.plesk.page\/hr\/wp-json\/wp\/v2\/product_cat?post=3692063"},{"taxonomy":"product_tag","embeddable":true,"href":"https:\/\/stoic-curie.212-227-153-4.plesk.page\/hr\/wp-json\/wp\/v2\/product_tag?post=3692063"}],"curies":[{"name":"wp","href":"https:\/\/api.w.org\/{rel}","templated":true}]}}