{"id":3692066,"date":"2025-10-13T13:49:52","date_gmt":"2025-10-13T17:49:52","guid":{"rendered":"https:\/\/stoic-curie.212-227-153-4.plesk.page\/product\/uljev-za-vodu-od-nehrdajuceg-celika-crijevo-38mm-prirubnica-75mm\/"},"modified":"2026-02-25T00:01:16","modified_gmt":"2026-02-25T00:01:16","slug":"uljev-za-vodu-od-nehrdajuceg-celika-crijevo-38mm-prirubnica-75mm","status":"publish","type":"product","link":"https:\/\/stoic-curie.212-227-153-4.plesk.page\/hr\/product\/uljev-za-vodu-od-nehrdajuceg-celika-crijevo-38mm-prirubnica-75mm\/","title":{"rendered":"Uljev za vodu od nehr\u0111aju\u0107eg \u010delika: crijevo 38mm, prirubnica 75mm"},"content":{"rendered":"<p>Uljev za vodu od nehr\u0111aju\u0107eg \u010delika: crijevo 38mm, prirubnica 75mm &#8211; <\/p>\n<p>Poklopci od nehr\u0111aju\u0107eg \u010delika s polugom za otvaranje i zatvaranje.<\/p>\n","protected":false},"excerpt":{"rendered":"<p>Uljev za vodu od nehr\u0111aju\u0107eg \u010delika: crijevo 38mm, prirubnica 75mm &#8211; Poklopci od nehr\u0111aju\u0107eg \u010delika s polugom za otvaranje i<\/p>\n","protected":false},"featured_media":5946850,"comment_status":"closed","ping_status":"closed","template":"","meta":[],"product_brand":[3356],"product_cat":[1668],"product_tag":[],"class_list":{"0":"post-3692066","1":"product","2":"type-product","3":"status-publish","4":"has-post-thumbnail","6":"product_brand-seaflow-hr","7":"product_cat-palubni-otvori-za-punjenje-vode","9":"first","10":"instock","11":"shipping-taxable","12":"purchasable","13":"product-type-simple"},"_links":{"self":[{"href":"https:\/\/stoic-curie.212-227-153-4.plesk.page\/hr\/wp-json\/wp\/v2\/product\/3692066","targetHints":{"allow":["GET"]}}],"collection":[{"href":"https:\/\/stoic-curie.212-227-153-4.plesk.page\/hr\/wp-json\/wp\/v2\/product"}],"about":[{"href":"https:\/\/stoic-curie.212-227-153-4.plesk.page\/hr\/wp-json\/wp\/v2\/types\/product"}],"replies":[{"embeddable":true,"href":"https:\/\/stoic-curie.212-227-153-4.plesk.page\/hr\/wp-json\/wp\/v2\/comments?post=3692066"}],"version-history":[{"count":0,"href":"https:\/\/stoic-curie.212-227-153-4.plesk.page\/hr\/wp-json\/wp\/v2\/product\/3692066\/revisions"}],"wp:featuredmedia":[{"embeddable":true,"href":"https:\/\/stoic-curie.212-227-153-4.plesk.page\/hr\/wp-json\/wp\/v2\/media\/5946850"}],"wp:attachment":[{"href":"https:\/\/stoic-curie.212-227-153-4.plesk.page\/hr\/wp-json\/wp\/v2\/media?parent=3692066"}],"wp:term":[{"taxonomy":"product_brand","embeddable":true,"href":"https:\/\/stoic-curie.212-227-153-4.plesk.page\/hr\/wp-json\/wp\/v2\/product_brand?post=3692066"},{"taxonomy":"product_cat","embeddable":true,"href":"https:\/\/stoic-curie.212-227-153-4.plesk.page\/hr\/wp-json\/wp\/v2\/product_cat?post=3692066"},{"taxonomy":"product_tag","embeddable":true,"href":"https:\/\/stoic-curie.212-227-153-4.plesk.page\/hr\/wp-json\/wp\/v2\/product_tag?post=3692066"}],"curies":[{"name":"wp","href":"https:\/\/api.w.org\/{rel}","templated":true}]}}