{"id":3692071,"date":"2025-10-13T13:49:53","date_gmt":"2025-10-13T17:49:53","guid":{"rendered":"https:\/\/stoic-curie.212-227-153-4.plesk.page\/product\/star-brite-sredstvo-za-tretman-toaleta-1lt\/"},"modified":"2026-02-25T00:01:16","modified_gmt":"2026-02-25T00:01:16","slug":"star-brite-sredstvo-za-tretman-toaleta-1lt","status":"publish","type":"product","link":"https:\/\/stoic-curie.212-227-153-4.plesk.page\/hr\/product\/star-brite-sredstvo-za-tretman-toaleta-1lt\/","title":{"rendered":"Star Brite sredstvo za tretman toaleta, 1lt"},"content":{"rendered":"<p>Star Brite sredstvo za tretman toaleta, 1lt &#8211; <\/p>\n<p>\u2022 \u010ci\u0161\u0107enje toaleta s mirisom limuna i lubrikantima koji sprije\u010davaju da ventili za odvod zaglave. <br \/>\u2022 Brzo i u\u010dinkovito razgra\u0111uje otpad. <br \/>\u2022 30 ml tretira pribli\u017eno 19 litara. <br \/>\u2022 Formula bez formaldehida, ne ostavlja mrlje, biorazgradiva.<\/p>\n","protected":false},"excerpt":{"rendered":"<p>Star Brite sredstvo za tretman toaleta, 1lt &#8211; \u2022 \u010ci\u0161\u0107enje toaleta s mirisom limuna i lubrikantima koji sprije\u010davaju da ventili<\/p>\n","protected":false},"featured_media":5941691,"comment_status":"closed","ping_status":"closed","template":"","meta":[],"product_brand":[3436],"product_cat":[1675,1628,1649],"product_tag":[],"class_list":{"0":"post-3692071","1":"product","2":"type-product","3":"status-publish","4":"has-post-thumbnail","6":"product_brand-starbrite-hr","7":"product_cat-brodski-wc","8":"product_cat-proizvodi-za-ciscenje","9":"product_cat-spremnici-za-otpadne-vode","11":"first","12":"instock","13":"shipping-taxable","14":"purchasable","15":"product-type-simple"},"_links":{"self":[{"href":"https:\/\/stoic-curie.212-227-153-4.plesk.page\/hr\/wp-json\/wp\/v2\/product\/3692071","targetHints":{"allow":["GET"]}}],"collection":[{"href":"https:\/\/stoic-curie.212-227-153-4.plesk.page\/hr\/wp-json\/wp\/v2\/product"}],"about":[{"href":"https:\/\/stoic-curie.212-227-153-4.plesk.page\/hr\/wp-json\/wp\/v2\/types\/product"}],"replies":[{"embeddable":true,"href":"https:\/\/stoic-curie.212-227-153-4.plesk.page\/hr\/wp-json\/wp\/v2\/comments?post=3692071"}],"version-history":[{"count":0,"href":"https:\/\/stoic-curie.212-227-153-4.plesk.page\/hr\/wp-json\/wp\/v2\/product\/3692071\/revisions"}],"wp:featuredmedia":[{"embeddable":true,"href":"https:\/\/stoic-curie.212-227-153-4.plesk.page\/hr\/wp-json\/wp\/v2\/media\/5941691"}],"wp:attachment":[{"href":"https:\/\/stoic-curie.212-227-153-4.plesk.page\/hr\/wp-json\/wp\/v2\/media?parent=3692071"}],"wp:term":[{"taxonomy":"product_brand","embeddable":true,"href":"https:\/\/stoic-curie.212-227-153-4.plesk.page\/hr\/wp-json\/wp\/v2\/product_brand?post=3692071"},{"taxonomy":"product_cat","embeddable":true,"href":"https:\/\/stoic-curie.212-227-153-4.plesk.page\/hr\/wp-json\/wp\/v2\/product_cat?post=3692071"},{"taxonomy":"product_tag","embeddable":true,"href":"https:\/\/stoic-curie.212-227-153-4.plesk.page\/hr\/wp-json\/wp\/v2\/product_tag?post=3692071"}],"curies":[{"name":"wp","href":"https:\/\/api.w.org\/{rel}","templated":true}]}}