{"id":3692074,"date":"2025-10-13T13:49:54","date_gmt":"2025-10-13T17:49:54","guid":{"rendered":"https:\/\/stoic-curie.212-227-153-4.plesk.page\/product\/zdjela-mb-venezia-27-x-9-cm-2-kom\/"},"modified":"2026-02-25T00:01:16","modified_gmt":"2026-02-25T00:01:16","slug":"zdjela-mb-venezia-27-x-9-cm-2-kom","status":"publish","type":"product","link":"https:\/\/stoic-curie.212-227-153-4.plesk.page\/hr\/product\/zdjela-mb-venezia-27-x-9-cm-2-kom\/","title":{"rendered":"Zdjela MB Venezia 27 x 9 cm 2 kom"},"content":{"rendered":"<p>Zdjela MB Venezia 27 x 9 cm 2 kom &#8211; <\/p>\n<p>Venezia ukra\u0161eni set zdjela za grickalice s pravokutnim podmetacem. Izra\u0111eno od 100% certificiranog melamina koji je siguran za hranu. Perivo u perilici posu\u0111a, neuni\u0161tivo i otporno na mrlje. 2 kom\/sve.<\/p>\n","protected":false},"excerpt":{"rendered":"<p>Zdjela MB Venezia 27 x 9 cm 2 kom &#8211; Venezia ukra\u0161eni set zdjela za grickalice s pravokutnim podmetacem. Izra\u0111eno<\/p>\n","protected":false},"featured_media":5946857,"comment_status":"closed","ping_status":"closed","template":"","meta":[],"product_brand":[3111],"product_cat":[1645],"product_tag":[],"class_list":{"0":"post-3692074","1":"product","2":"type-product","3":"status-publish","4":"has-post-thumbnail","6":"product_brand-marine-business-mb-hr","7":"product_cat-brodsko-posude","9":"first","10":"instock","11":"shipping-taxable","12":"purchasable","13":"product-type-simple"},"_links":{"self":[{"href":"https:\/\/stoic-curie.212-227-153-4.plesk.page\/hr\/wp-json\/wp\/v2\/product\/3692074","targetHints":{"allow":["GET"]}}],"collection":[{"href":"https:\/\/stoic-curie.212-227-153-4.plesk.page\/hr\/wp-json\/wp\/v2\/product"}],"about":[{"href":"https:\/\/stoic-curie.212-227-153-4.plesk.page\/hr\/wp-json\/wp\/v2\/types\/product"}],"replies":[{"embeddable":true,"href":"https:\/\/stoic-curie.212-227-153-4.plesk.page\/hr\/wp-json\/wp\/v2\/comments?post=3692074"}],"version-history":[{"count":0,"href":"https:\/\/stoic-curie.212-227-153-4.plesk.page\/hr\/wp-json\/wp\/v2\/product\/3692074\/revisions"}],"wp:featuredmedia":[{"embeddable":true,"href":"https:\/\/stoic-curie.212-227-153-4.plesk.page\/hr\/wp-json\/wp\/v2\/media\/5946857"}],"wp:attachment":[{"href":"https:\/\/stoic-curie.212-227-153-4.plesk.page\/hr\/wp-json\/wp\/v2\/media?parent=3692074"}],"wp:term":[{"taxonomy":"product_brand","embeddable":true,"href":"https:\/\/stoic-curie.212-227-153-4.plesk.page\/hr\/wp-json\/wp\/v2\/product_brand?post=3692074"},{"taxonomy":"product_cat","embeddable":true,"href":"https:\/\/stoic-curie.212-227-153-4.plesk.page\/hr\/wp-json\/wp\/v2\/product_cat?post=3692074"},{"taxonomy":"product_tag","embeddable":true,"href":"https:\/\/stoic-curie.212-227-153-4.plesk.page\/hr\/wp-json\/wp\/v2\/product_tag?post=3692074"}],"curies":[{"name":"wp","href":"https:\/\/api.w.org\/{rel}","templated":true}]}}