{"id":3692087,"date":"2025-10-13T13:49:56","date_gmt":"2025-10-13T17:49:56","guid":{"rendered":"https:\/\/stoic-curie.212-227-153-4.plesk.page\/product\/majica-musto-evolution-krema-za-suncanje-2-0-plava-velicina-xxl\/"},"modified":"2026-02-25T00:01:16","modified_gmt":"2026-02-25T00:01:16","slug":"majica-musto-evolution-krema-za-suncanje-2-0-plava-velicina-xxl","status":"publish","type":"product","link":"https:\/\/stoic-curie.212-227-153-4.plesk.page\/hr\/product\/majica-musto-evolution-krema-za-suncanje-2-0-plava-velicina-xxl\/","title":{"rendered":"Majica Musto Evolution Krema za suncanje 2.0 Plava &#8211; Velicina: XXL"},"content":{"rendered":"<p>Majica Musto Evolution Krema za suncanje 2.0 Plava &#8211; Velicina: XXL &#8211; <\/p>\n<p>Musto Evolution Sunblock majica s dugim rukavima ima iznimnu strukturu od UPF40 poliestera i elastana koja pru\u017ea maksimalnu za\u0161titu pri jakom izlaganju suncu. Ravne \u0161avne su jedva uo\u010dljive na ko\u017ei, \u0161to osigurava udobnost.<\/p>\n","protected":false},"excerpt":{"rendered":"<p>Majica Musto Evolution Krema za suncanje 2.0 Plava &#8211; Velicina: XXL &#8211; Musto Evolution Sunblock majica s dugim rukavima ima<\/p>\n","protected":false},"featured_media":5946871,"comment_status":"closed","ping_status":"closed","template":"","meta":[],"product_brand":[3156],"product_cat":[3911],"product_tag":[],"class_list":{"0":"post-3692087","1":"product","2":"type-product","3":"status-publish","4":"has-post-thumbnail","6":"product_brand-musto-hr","7":"product_cat-accessories","9":"first","10":"instock","11":"shipping-taxable","12":"purchasable","13":"product-type-simple"},"_links":{"self":[{"href":"https:\/\/stoic-curie.212-227-153-4.plesk.page\/hr\/wp-json\/wp\/v2\/product\/3692087","targetHints":{"allow":["GET"]}}],"collection":[{"href":"https:\/\/stoic-curie.212-227-153-4.plesk.page\/hr\/wp-json\/wp\/v2\/product"}],"about":[{"href":"https:\/\/stoic-curie.212-227-153-4.plesk.page\/hr\/wp-json\/wp\/v2\/types\/product"}],"replies":[{"embeddable":true,"href":"https:\/\/stoic-curie.212-227-153-4.plesk.page\/hr\/wp-json\/wp\/v2\/comments?post=3692087"}],"version-history":[{"count":0,"href":"https:\/\/stoic-curie.212-227-153-4.plesk.page\/hr\/wp-json\/wp\/v2\/product\/3692087\/revisions"}],"wp:featuredmedia":[{"embeddable":true,"href":"https:\/\/stoic-curie.212-227-153-4.plesk.page\/hr\/wp-json\/wp\/v2\/media\/5946871"}],"wp:attachment":[{"href":"https:\/\/stoic-curie.212-227-153-4.plesk.page\/hr\/wp-json\/wp\/v2\/media?parent=3692087"}],"wp:term":[{"taxonomy":"product_brand","embeddable":true,"href":"https:\/\/stoic-curie.212-227-153-4.plesk.page\/hr\/wp-json\/wp\/v2\/product_brand?post=3692087"},{"taxonomy":"product_cat","embeddable":true,"href":"https:\/\/stoic-curie.212-227-153-4.plesk.page\/hr\/wp-json\/wp\/v2\/product_cat?post=3692087"},{"taxonomy":"product_tag","embeddable":true,"href":"https:\/\/stoic-curie.212-227-153-4.plesk.page\/hr\/wp-json\/wp\/v2\/product_tag?post=3692087"}],"curies":[{"name":"wp","href":"https:\/\/api.w.org\/{rel}","templated":true}]}}