{"id":3692090,"date":"2025-10-13T13:49:57","date_gmt":"2025-10-13T17:49:57","guid":{"rendered":"https:\/\/stoic-curie.212-227-153-4.plesk.page\/product\/majica-musto-evolution-krema-za-suncanje-2-0-platina-velicina-l\/"},"modified":"2026-02-25T00:01:16","modified_gmt":"2026-02-25T00:01:16","slug":"majica-musto-evolution-krema-za-suncanje-2-0-platina-velicina-l","status":"publish","type":"product","link":"https:\/\/stoic-curie.212-227-153-4.plesk.page\/hr\/product\/majica-musto-evolution-krema-za-suncanje-2-0-platina-velicina-l\/","title":{"rendered":"Majica Musto Evolution Krema za suncanje 2.0 Platina &#8211; Velicina: L"},"content":{"rendered":"<p>Majica Musto Evolution Krema za suncanje 2.0 Platina &#8211; Velicina: L &#8211; <\/p>\n<p>Musto Evolution Sunblock majica ima izvanrednu strukturu od UPF40 poliestera i elastana koja pru\u017ea maksimalnu za\u0161titu u slu\u010daju jake izlo\u017eenosti suncu. \u0160avovi su gotovo neprimjetni na va\u0161oj ko\u017ei, osiguravaju\u0107i udobnost.<\/p>\n","protected":false},"excerpt":{"rendered":"<p>Majica Musto Evolution Krema za suncanje 2.0 Platina &#8211; Velicina: L &#8211; Musto Evolution Sunblock majica ima izvanrednu strukturu od<\/p>\n","protected":false},"featured_media":5946872,"comment_status":"closed","ping_status":"closed","template":"","meta":[],"product_brand":[3156],"product_cat":[3911],"product_tag":[],"class_list":{"0":"post-3692090","1":"product","2":"type-product","3":"status-publish","4":"has-post-thumbnail","6":"product_brand-musto-hr","7":"product_cat-accessories","9":"first","10":"instock","11":"shipping-taxable","12":"purchasable","13":"product-type-simple"},"_links":{"self":[{"href":"https:\/\/stoic-curie.212-227-153-4.plesk.page\/hr\/wp-json\/wp\/v2\/product\/3692090","targetHints":{"allow":["GET"]}}],"collection":[{"href":"https:\/\/stoic-curie.212-227-153-4.plesk.page\/hr\/wp-json\/wp\/v2\/product"}],"about":[{"href":"https:\/\/stoic-curie.212-227-153-4.plesk.page\/hr\/wp-json\/wp\/v2\/types\/product"}],"replies":[{"embeddable":true,"href":"https:\/\/stoic-curie.212-227-153-4.plesk.page\/hr\/wp-json\/wp\/v2\/comments?post=3692090"}],"version-history":[{"count":0,"href":"https:\/\/stoic-curie.212-227-153-4.plesk.page\/hr\/wp-json\/wp\/v2\/product\/3692090\/revisions"}],"wp:featuredmedia":[{"embeddable":true,"href":"https:\/\/stoic-curie.212-227-153-4.plesk.page\/hr\/wp-json\/wp\/v2\/media\/5946872"}],"wp:attachment":[{"href":"https:\/\/stoic-curie.212-227-153-4.plesk.page\/hr\/wp-json\/wp\/v2\/media?parent=3692090"}],"wp:term":[{"taxonomy":"product_brand","embeddable":true,"href":"https:\/\/stoic-curie.212-227-153-4.plesk.page\/hr\/wp-json\/wp\/v2\/product_brand?post=3692090"},{"taxonomy":"product_cat","embeddable":true,"href":"https:\/\/stoic-curie.212-227-153-4.plesk.page\/hr\/wp-json\/wp\/v2\/product_cat?post=3692090"},{"taxonomy":"product_tag","embeddable":true,"href":"https:\/\/stoic-curie.212-227-153-4.plesk.page\/hr\/wp-json\/wp\/v2\/product_tag?post=3692090"}],"curies":[{"name":"wp","href":"https:\/\/api.w.org\/{rel}","templated":true}]}}