{"id":3692104,"date":"2025-10-13T13:50:01","date_gmt":"2025-10-13T17:50:01","guid":{"rendered":"https:\/\/stoic-curie.212-227-153-4.plesk.page\/product\/suha-vreca-musto-evolution-10-lt-platina\/"},"modified":"2026-02-25T00:01:16","modified_gmt":"2026-02-25T00:01:16","slug":"suha-vreca-musto-evolution-10-lt-platina","status":"publish","type":"product","link":"https:\/\/stoic-curie.212-227-153-4.plesk.page\/hr\/product\/suha-vreca-musto-evolution-10-lt-platina\/","title":{"rendered":"Suha vre\u0107a Musto Evolution 10 lt Platina"},"content":{"rendered":"<p>Suha vre\u0107a Musto Evolution 10 lt Platina &#8211; <\/p>\n<p>Musto Evolution vodootporna torba za suho cijev, opremljena kop\u010dom koja tako\u0111er slu\u017ei kao ru\u010dka, prozirnim prozorom sprijeda za lak\u0161e pronala\u017eenje va\u0161ih stvari i uklonjivim remenom za rame radi lak\u0161eg no\u0161enja.<\/p>\n","protected":false},"excerpt":{"rendered":"<p>Suha vre\u0107a Musto Evolution 10 lt Platina &#8211; Musto Evolution vodootporna torba za suho cijev, opremljena kop\u010dom koja tako\u0111er slu\u017ei<\/p>\n","protected":false},"featured_media":5946878,"comment_status":"closed","ping_status":"closed","template":"","meta":[],"product_brand":[3156],"product_cat":[1854,1855],"product_tag":[],"class_list":{"0":"post-3692104","1":"product","2":"type-product","3":"status-publish","4":"has-post-thumbnail","6":"product_brand-musto-hr","7":"product_cat-jedrilicarska-odjeca-musto","8":"product_cat-suhe-torbe","10":"first","11":"instock","12":"shipping-taxable","13":"purchasable","14":"product-type-simple"},"_links":{"self":[{"href":"https:\/\/stoic-curie.212-227-153-4.plesk.page\/hr\/wp-json\/wp\/v2\/product\/3692104","targetHints":{"allow":["GET"]}}],"collection":[{"href":"https:\/\/stoic-curie.212-227-153-4.plesk.page\/hr\/wp-json\/wp\/v2\/product"}],"about":[{"href":"https:\/\/stoic-curie.212-227-153-4.plesk.page\/hr\/wp-json\/wp\/v2\/types\/product"}],"replies":[{"embeddable":true,"href":"https:\/\/stoic-curie.212-227-153-4.plesk.page\/hr\/wp-json\/wp\/v2\/comments?post=3692104"}],"version-history":[{"count":0,"href":"https:\/\/stoic-curie.212-227-153-4.plesk.page\/hr\/wp-json\/wp\/v2\/product\/3692104\/revisions"}],"wp:featuredmedia":[{"embeddable":true,"href":"https:\/\/stoic-curie.212-227-153-4.plesk.page\/hr\/wp-json\/wp\/v2\/media\/5946878"}],"wp:attachment":[{"href":"https:\/\/stoic-curie.212-227-153-4.plesk.page\/hr\/wp-json\/wp\/v2\/media?parent=3692104"}],"wp:term":[{"taxonomy":"product_brand","embeddable":true,"href":"https:\/\/stoic-curie.212-227-153-4.plesk.page\/hr\/wp-json\/wp\/v2\/product_brand?post=3692104"},{"taxonomy":"product_cat","embeddable":true,"href":"https:\/\/stoic-curie.212-227-153-4.plesk.page\/hr\/wp-json\/wp\/v2\/product_cat?post=3692104"},{"taxonomy":"product_tag","embeddable":true,"href":"https:\/\/stoic-curie.212-227-153-4.plesk.page\/hr\/wp-json\/wp\/v2\/product_tag?post=3692104"}],"curies":[{"name":"wp","href":"https:\/\/api.w.org\/{rel}","templated":true}]}}