{"id":3692109,"date":"2025-10-13T13:50:03","date_gmt":"2025-10-13T17:50:03","guid":{"rendered":"https:\/\/stoic-curie.212-227-153-4.plesk.page\/product\/crna-roca-rakego-sklopiva-potpora-za-stolove-392mm-60kg\/"},"modified":"2026-02-25T00:01:16","modified_gmt":"2026-02-25T00:01:16","slug":"crna-roca-rakego-sklopiva-potpora-za-stolove-392mm-60kg","status":"publish","type":"product","link":"https:\/\/stoic-curie.212-227-153-4.plesk.page\/hr\/product\/crna-roca-rakego-sklopiva-potpora-za-stolove-392mm-60kg\/","title":{"rendered":"Crna Roca Rakego sklopiva potpora za stolove 392mm 60kg"},"content":{"rendered":"<p>Crna Roca Rakego sklopiva potpora za stolove 392mm 60kg &#8211; <\/p>\n<p>Roca Rakego satenska ili crna anodizirana aluminijska sklopiva stolna i policijska potpora. Vrlo svestrani, prilago\u0111avaju se svakoj poziciji i potrebama zahvaljuju\u0107i teleskopskoj dr\u0161ci i mehanizmu zaklju\u010davanja na klik.<\/p>\n","protected":false},"excerpt":{"rendered":"<p>Crna Roca Rakego sklopiva potpora za stolove 392mm 60kg &#8211; Roca Rakego satenska ili crna anodizirana aluminijska sklopiva stolna i<\/p>\n","protected":false},"featured_media":5946888,"comment_status":"closed","ping_status":"closed","template":"","meta":[],"product_brand":[3316],"product_cat":[1642],"product_tag":[],"class_list":{"0":"post-3692109","1":"product","2":"type-product","3":"status-publish","4":"has-post-thumbnail","6":"product_brand-roca-marine-hr","7":"product_cat-brodske-stolice-i-stolovi","9":"first","10":"instock","11":"shipping-taxable","12":"purchasable","13":"product-type-simple"},"_links":{"self":[{"href":"https:\/\/stoic-curie.212-227-153-4.plesk.page\/hr\/wp-json\/wp\/v2\/product\/3692109","targetHints":{"allow":["GET"]}}],"collection":[{"href":"https:\/\/stoic-curie.212-227-153-4.plesk.page\/hr\/wp-json\/wp\/v2\/product"}],"about":[{"href":"https:\/\/stoic-curie.212-227-153-4.plesk.page\/hr\/wp-json\/wp\/v2\/types\/product"}],"replies":[{"embeddable":true,"href":"https:\/\/stoic-curie.212-227-153-4.plesk.page\/hr\/wp-json\/wp\/v2\/comments?post=3692109"}],"version-history":[{"count":0,"href":"https:\/\/stoic-curie.212-227-153-4.plesk.page\/hr\/wp-json\/wp\/v2\/product\/3692109\/revisions"}],"wp:featuredmedia":[{"embeddable":true,"href":"https:\/\/stoic-curie.212-227-153-4.plesk.page\/hr\/wp-json\/wp\/v2\/media\/5946888"}],"wp:attachment":[{"href":"https:\/\/stoic-curie.212-227-153-4.plesk.page\/hr\/wp-json\/wp\/v2\/media?parent=3692109"}],"wp:term":[{"taxonomy":"product_brand","embeddable":true,"href":"https:\/\/stoic-curie.212-227-153-4.plesk.page\/hr\/wp-json\/wp\/v2\/product_brand?post=3692109"},{"taxonomy":"product_cat","embeddable":true,"href":"https:\/\/stoic-curie.212-227-153-4.plesk.page\/hr\/wp-json\/wp\/v2\/product_cat?post=3692109"},{"taxonomy":"product_tag","embeddable":true,"href":"https:\/\/stoic-curie.212-227-153-4.plesk.page\/hr\/wp-json\/wp\/v2\/product_tag?post=3692109"}],"curies":[{"name":"wp","href":"https:\/\/api.w.org\/{rel}","templated":true}]}}