{"id":3692112,"date":"2025-10-13T13:50:04","date_gmt":"2025-10-13T17:50:04","guid":{"rendered":"https:\/\/stoic-curie.212-227-153-4.plesk.page\/product\/attwood-6556-7-led-krmeno-svjetlo-za-brodove-do-50mt\/"},"modified":"2026-02-25T00:01:16","modified_gmt":"2026-02-25T00:01:16","slug":"attwood-6556-7-led-krmeno-svjetlo-za-brodove-do-50mt","status":"publish","type":"product","link":"https:\/\/stoic-curie.212-227-153-4.plesk.page\/hr\/product\/attwood-6556-7-led-krmeno-svjetlo-za-brodove-do-50mt\/","title":{"rendered":"Attwood 6556-7 Led krmeno svjetlo za brodove do 50mt"},"content":{"rendered":"<p>Attwood 6556-7 Led krmeno svjetlo za brodove do 50mt &#8211; <\/p>\n<p>LED svjetlo za stra\u017enju navigaciju Attwood od nehr\u0111aju\u0107eg \u010delika. CE-EN\/ISO19009:2015, COLREG i ABYC certifikat za brodove do 50 metara, vidljivost 3 nauti\u010dke milje.<\/p>\n","protected":false},"excerpt":{"rendered":"<p>Attwood 6556-7 Led krmeno svjetlo za brodove do 50mt &#8211; LED svjetlo za stra\u017enju navigaciju Attwood od nehr\u0111aju\u0107eg \u010delika. CE-EN\/ISO19009:2015,<\/p>\n","protected":false},"featured_media":5946907,"comment_status":"closed","ping_status":"closed","template":"","meta":[],"product_brand":[2806],"product_cat":[1736],"product_tag":[],"class_list":{"0":"post-3692112","1":"product","2":"type-product","3":"status-publish","4":"has-post-thumbnail","6":"product_brand-attwood-hr","7":"product_cat-led-navigacijska-svjetla","9":"first","10":"instock","11":"shipping-taxable","12":"purchasable","13":"product-type-simple"},"_links":{"self":[{"href":"https:\/\/stoic-curie.212-227-153-4.plesk.page\/hr\/wp-json\/wp\/v2\/product\/3692112","targetHints":{"allow":["GET"]}}],"collection":[{"href":"https:\/\/stoic-curie.212-227-153-4.plesk.page\/hr\/wp-json\/wp\/v2\/product"}],"about":[{"href":"https:\/\/stoic-curie.212-227-153-4.plesk.page\/hr\/wp-json\/wp\/v2\/types\/product"}],"replies":[{"embeddable":true,"href":"https:\/\/stoic-curie.212-227-153-4.plesk.page\/hr\/wp-json\/wp\/v2\/comments?post=3692112"}],"version-history":[{"count":0,"href":"https:\/\/stoic-curie.212-227-153-4.plesk.page\/hr\/wp-json\/wp\/v2\/product\/3692112\/revisions"}],"wp:featuredmedia":[{"embeddable":true,"href":"https:\/\/stoic-curie.212-227-153-4.plesk.page\/hr\/wp-json\/wp\/v2\/media\/5946907"}],"wp:attachment":[{"href":"https:\/\/stoic-curie.212-227-153-4.plesk.page\/hr\/wp-json\/wp\/v2\/media?parent=3692112"}],"wp:term":[{"taxonomy":"product_brand","embeddable":true,"href":"https:\/\/stoic-curie.212-227-153-4.plesk.page\/hr\/wp-json\/wp\/v2\/product_brand?post=3692112"},{"taxonomy":"product_cat","embeddable":true,"href":"https:\/\/stoic-curie.212-227-153-4.plesk.page\/hr\/wp-json\/wp\/v2\/product_cat?post=3692112"},{"taxonomy":"product_tag","embeddable":true,"href":"https:\/\/stoic-curie.212-227-153-4.plesk.page\/hr\/wp-json\/wp\/v2\/product_tag?post=3692112"}],"curies":[{"name":"wp","href":"https:\/\/api.w.org\/{rel}","templated":true}]}}