{"id":3692128,"date":"2025-10-13T13:50:09","date_gmt":"2025-10-13T17:50:09","guid":{"rendered":"https:\/\/stoic-curie.212-227-153-4.plesk.page\/product\/stoper-od-nehrdajuceg-celika-za-lanac-100-x-40-mm\/"},"modified":"2026-02-25T00:01:17","modified_gmt":"2026-02-25T00:01:17","slug":"stoper-od-nehrdajuceg-celika-za-lanac-100-x-40-mm","status":"publish","type":"product","link":"https:\/\/stoic-curie.212-227-153-4.plesk.page\/hr\/product\/stoper-od-nehrdajuceg-celika-za-lanac-100-x-40-mm\/","title":{"rendered":"Stoper od nehr\u0111aju\u0107eg \u010delika za lanac 100 x 40 mm"},"content":{"rendered":"<p>Stoper od nehr\u0111aju\u0107eg \u010delika za lanac 100 x 40 mm &#8211; <\/p>\n<p>Sidreni \/ lan\u010dani zaustavlja\u010d od nehr\u0111aju\u0107eg \u010delika 316 s iglom. Sprje\u010dava o\u0161te\u0107enja i kidanje na vjetrobranu.<\/p>\n","protected":false},"excerpt":{"rendered":"<p>Stoper od nehr\u0111aju\u0107eg \u010delika za lanac 100 x 40 mm &#8211; Sidreni \/ lan\u010dani zaustavlja\u010d od nehr\u0111aju\u0107eg \u010delika 316 s<\/p>\n","protected":false},"featured_media":5947008,"comment_status":"closed","ping_status":"closed","template":"","meta":[],"product_brand":[3121],"product_cat":[1620,1619,1709],"product_tag":[],"class_list":{"0":"post-3692128","1":"product","2":"type-product","3":"status-publish","4":"has-post-thumbnail","6":"product_brand-marinetech-hr","7":"product_cat-kalibrirani-lanac-od-nehrdajuceg-celika","8":"product_cat-kalibrirani-lanac-pocincan","9":"product_cat-pramcane-koloture","11":"first","12":"instock","13":"shipping-taxable","14":"purchasable","15":"product-type-simple"},"_links":{"self":[{"href":"https:\/\/stoic-curie.212-227-153-4.plesk.page\/hr\/wp-json\/wp\/v2\/product\/3692128","targetHints":{"allow":["GET"]}}],"collection":[{"href":"https:\/\/stoic-curie.212-227-153-4.plesk.page\/hr\/wp-json\/wp\/v2\/product"}],"about":[{"href":"https:\/\/stoic-curie.212-227-153-4.plesk.page\/hr\/wp-json\/wp\/v2\/types\/product"}],"replies":[{"embeddable":true,"href":"https:\/\/stoic-curie.212-227-153-4.plesk.page\/hr\/wp-json\/wp\/v2\/comments?post=3692128"}],"version-history":[{"count":0,"href":"https:\/\/stoic-curie.212-227-153-4.plesk.page\/hr\/wp-json\/wp\/v2\/product\/3692128\/revisions"}],"wp:featuredmedia":[{"embeddable":true,"href":"https:\/\/stoic-curie.212-227-153-4.plesk.page\/hr\/wp-json\/wp\/v2\/media\/5947008"}],"wp:attachment":[{"href":"https:\/\/stoic-curie.212-227-153-4.plesk.page\/hr\/wp-json\/wp\/v2\/media?parent=3692128"}],"wp:term":[{"taxonomy":"product_brand","embeddable":true,"href":"https:\/\/stoic-curie.212-227-153-4.plesk.page\/hr\/wp-json\/wp\/v2\/product_brand?post=3692128"},{"taxonomy":"product_cat","embeddable":true,"href":"https:\/\/stoic-curie.212-227-153-4.plesk.page\/hr\/wp-json\/wp\/v2\/product_cat?post=3692128"},{"taxonomy":"product_tag","embeddable":true,"href":"https:\/\/stoic-curie.212-227-153-4.plesk.page\/hr\/wp-json\/wp\/v2\/product_tag?post=3692128"}],"curies":[{"name":"wp","href":"https:\/\/api.w.org\/{rel}","templated":true}]}}