{"id":3692138,"date":"2025-10-13T13:50:12","date_gmt":"2025-10-13T17:50:12","guid":{"rendered":"https:\/\/stoic-curie.212-227-153-4.plesk.page\/product\/roca-u-vijak-10-x-105mm\/"},"modified":"2026-02-25T00:01:17","modified_gmt":"2026-02-25T00:01:17","slug":"roca-u-vijak-10-x-105mm","status":"publish","type":"product","link":"https:\/\/stoic-curie.212-227-153-4.plesk.page\/hr\/product\/roca-u-vijak-10-x-105mm\/","title":{"rendered":"Roca u-vijak 10 x 105mm"},"content":{"rendered":"<p>Roca u-vijak 10 x 105mm &#8211; <\/p>\n<p>Izvrsna \u010deli\u010dna U-vijak od \u0161vedskog nehr\u0111aju\u0107eg \u010delika. Sa dvije plo\u010de i samoreguliraju\u0107im maticama. Savr\u0161ena ogledalna zavr\u0161na obrada.<\/p>\n","protected":false},"excerpt":{"rendered":"<p>Roca u-vijak 10 x 105mm &#8211; Izvrsna \u010deli\u010dna U-vijak od \u0161vedskog nehr\u0111aju\u0107eg \u010delika. Sa dvije plo\u010de i samoreguliraju\u0107im maticama. Savr\u0161ena<\/p>\n","protected":false},"featured_media":5947011,"comment_status":"closed","ping_status":"closed","template":"","meta":[],"product_brand":[3316],"product_cat":[1682,1765],"product_tag":[],"class_list":{"0":"post-3692138","1":"product","2":"type-product","3":"status-publish","4":"has-post-thumbnail","6":"product_brand-roca-marine-hr","7":"product_cat-palubna-oprema","8":"product_cat-pribor-i-oprema-za-brodice-i-jedrilice","10":"first","11":"instock","12":"shipping-taxable","13":"purchasable","14":"product-type-simple"},"_links":{"self":[{"href":"https:\/\/stoic-curie.212-227-153-4.plesk.page\/hr\/wp-json\/wp\/v2\/product\/3692138","targetHints":{"allow":["GET"]}}],"collection":[{"href":"https:\/\/stoic-curie.212-227-153-4.plesk.page\/hr\/wp-json\/wp\/v2\/product"}],"about":[{"href":"https:\/\/stoic-curie.212-227-153-4.plesk.page\/hr\/wp-json\/wp\/v2\/types\/product"}],"replies":[{"embeddable":true,"href":"https:\/\/stoic-curie.212-227-153-4.plesk.page\/hr\/wp-json\/wp\/v2\/comments?post=3692138"}],"version-history":[{"count":0,"href":"https:\/\/stoic-curie.212-227-153-4.plesk.page\/hr\/wp-json\/wp\/v2\/product\/3692138\/revisions"}],"wp:featuredmedia":[{"embeddable":true,"href":"https:\/\/stoic-curie.212-227-153-4.plesk.page\/hr\/wp-json\/wp\/v2\/media\/5947011"}],"wp:attachment":[{"href":"https:\/\/stoic-curie.212-227-153-4.plesk.page\/hr\/wp-json\/wp\/v2\/media?parent=3692138"}],"wp:term":[{"taxonomy":"product_brand","embeddable":true,"href":"https:\/\/stoic-curie.212-227-153-4.plesk.page\/hr\/wp-json\/wp\/v2\/product_brand?post=3692138"},{"taxonomy":"product_cat","embeddable":true,"href":"https:\/\/stoic-curie.212-227-153-4.plesk.page\/hr\/wp-json\/wp\/v2\/product_cat?post=3692138"},{"taxonomy":"product_tag","embeddable":true,"href":"https:\/\/stoic-curie.212-227-153-4.plesk.page\/hr\/wp-json\/wp\/v2\/product_tag?post=3692138"}],"curies":[{"name":"wp","href":"https:\/\/api.w.org\/{rel}","templated":true}]}}