{"id":3692157,"date":"2025-10-13T13:50:18","date_gmt":"2025-10-13T17:50:18","guid":{"rendered":"https:\/\/stoic-curie.212-227-153-4.plesk.page\/product\/multistrip-fender-blue-60-x-7-x-6-cm\/"},"modified":"2026-02-25T00:01:17","modified_gmt":"2026-02-25T00:01:17","slug":"multistrip-fender-blue-60-x-7-x-6-cm","status":"publish","type":"product","link":"https:\/\/stoic-curie.212-227-153-4.plesk.page\/hr\/product\/multistrip-fender-blue-60-x-7-x-6-cm\/","title":{"rendered":"Multistrip Fender Blue 60 x 7 x 6 cm"},"content":{"rendered":"<p>Multistrip Fender Blue 60 x 7 x 6 cm &#8211; <\/p>\n<p>Sklopiva elasti\u010dna struktura koja omogu\u0107uje zaobljavanje i za\u0161titu bilo koje nepravilne ili ravne povr\u0161ine. Mo\u017ee se primijeniti na sidri\u0161ta, stupove, ograde, kutove i koristiti kao poredba.<\/p>\n","protected":false},"excerpt":{"rendered":"<p>Multistrip Fender Blue 60 x 7 x 6 cm &#8211; Sklopiva elasti\u010dna struktura koja omogu\u0107uje zaobljavanje i za\u0161titu bilo koje<\/p>\n","protected":false},"featured_media":5947058,"comment_status":"closed","ping_status":"closed","template":"","meta":[],"product_brand":[3091],"product_cat":[1849],"product_tag":[],"class_list":{"0":"post-3692157","1":"product","2":"type-product","3":"status-publish","4":"has-post-thumbnail","6":"product_brand-majoni-hr","7":"product_cat-bokobrani-za-dokove","9":"first","10":"instock","11":"shipping-taxable","12":"purchasable","13":"product-type-simple"},"_links":{"self":[{"href":"https:\/\/stoic-curie.212-227-153-4.plesk.page\/hr\/wp-json\/wp\/v2\/product\/3692157","targetHints":{"allow":["GET"]}}],"collection":[{"href":"https:\/\/stoic-curie.212-227-153-4.plesk.page\/hr\/wp-json\/wp\/v2\/product"}],"about":[{"href":"https:\/\/stoic-curie.212-227-153-4.plesk.page\/hr\/wp-json\/wp\/v2\/types\/product"}],"replies":[{"embeddable":true,"href":"https:\/\/stoic-curie.212-227-153-4.plesk.page\/hr\/wp-json\/wp\/v2\/comments?post=3692157"}],"version-history":[{"count":0,"href":"https:\/\/stoic-curie.212-227-153-4.plesk.page\/hr\/wp-json\/wp\/v2\/product\/3692157\/revisions"}],"wp:featuredmedia":[{"embeddable":true,"href":"https:\/\/stoic-curie.212-227-153-4.plesk.page\/hr\/wp-json\/wp\/v2\/media\/5947058"}],"wp:attachment":[{"href":"https:\/\/stoic-curie.212-227-153-4.plesk.page\/hr\/wp-json\/wp\/v2\/media?parent=3692157"}],"wp:term":[{"taxonomy":"product_brand","embeddable":true,"href":"https:\/\/stoic-curie.212-227-153-4.plesk.page\/hr\/wp-json\/wp\/v2\/product_brand?post=3692157"},{"taxonomy":"product_cat","embeddable":true,"href":"https:\/\/stoic-curie.212-227-153-4.plesk.page\/hr\/wp-json\/wp\/v2\/product_cat?post=3692157"},{"taxonomy":"product_tag","embeddable":true,"href":"https:\/\/stoic-curie.212-227-153-4.plesk.page\/hr\/wp-json\/wp\/v2\/product_tag?post=3692157"}],"curies":[{"name":"wp","href":"https:\/\/api.w.org\/{rel}","templated":true}]}}