{"id":3692162,"date":"2025-10-13T13:50:20","date_gmt":"2025-10-13T17:50:20","guid":{"rendered":"https:\/\/stoic-curie.212-227-153-4.plesk.page\/product\/crni-terminal-za-tessilmare-radial-30\/"},"modified":"2026-02-25T00:01:17","modified_gmt":"2026-02-25T00:01:17","slug":"crni-terminal-za-tessilmare-radial-30","status":"publish","type":"product","link":"https:\/\/stoic-curie.212-227-153-4.plesk.page\/hr\/product\/crni-terminal-za-tessilmare-radial-30\/","title":{"rendered":"Crni terminal za Tessilmare Radial 30"},"content":{"rendered":"<p>Crni terminal za Tessilmare Radial 30 &#8211; <\/p>\n<p>Radial je jedini PVC profil za fendere koji se jednostavno i brzo instalira i mo\u017ee se hladno ugraditi u nekoliko brzih koraka. <br \/> Njegova fleksibilnost i rukovanje \u010dine Radial profil jedinstvenim. <br \/> Profil se isporu\u010duje u rolama od 12 &#8211; 16 &#8211; 24 metra s H visinom od 30 &#8211; 40 &#8211; 52 &#8211; 65 &#8211; 85 mm. <br \/> Dostupan je u bojama Crna &#8211; Bijela &#8211; Siva. <br \/> Kape i spojevi su dostupni od plastike u istoj boji kao profil ili od nehr\u0111aju\u0107eg \u010delika. <br \/> Kruti potporni tra\u010dnici prodaju se u 2 metra dugim trakama.<\/p>\n","protected":false},"excerpt":{"rendered":"<p>Crni terminal za Tessilmare Radial 30 &#8211; Radial je jedini PVC profil za fendere koji se jednostavno i brzo instalira<\/p>\n","protected":false},"featured_media":5947079,"comment_status":"closed","ping_status":"closed","template":"","meta":[],"product_brand":[3481],"product_cat":[1852],"product_tag":[],"class_list":{"0":"post-3692162","1":"product","2":"type-product","3":"status-publish","4":"has-post-thumbnail","6":"product_brand-tessilmare-hr","7":"product_cat-profili-za-bokobrane","9":"first","10":"instock","11":"shipping-taxable","12":"purchasable","13":"product-type-simple"},"_links":{"self":[{"href":"https:\/\/stoic-curie.212-227-153-4.plesk.page\/hr\/wp-json\/wp\/v2\/product\/3692162","targetHints":{"allow":["GET"]}}],"collection":[{"href":"https:\/\/stoic-curie.212-227-153-4.plesk.page\/hr\/wp-json\/wp\/v2\/product"}],"about":[{"href":"https:\/\/stoic-curie.212-227-153-4.plesk.page\/hr\/wp-json\/wp\/v2\/types\/product"}],"replies":[{"embeddable":true,"href":"https:\/\/stoic-curie.212-227-153-4.plesk.page\/hr\/wp-json\/wp\/v2\/comments?post=3692162"}],"version-history":[{"count":0,"href":"https:\/\/stoic-curie.212-227-153-4.plesk.page\/hr\/wp-json\/wp\/v2\/product\/3692162\/revisions"}],"wp:featuredmedia":[{"embeddable":true,"href":"https:\/\/stoic-curie.212-227-153-4.plesk.page\/hr\/wp-json\/wp\/v2\/media\/5947079"}],"wp:attachment":[{"href":"https:\/\/stoic-curie.212-227-153-4.plesk.page\/hr\/wp-json\/wp\/v2\/media?parent=3692162"}],"wp:term":[{"taxonomy":"product_brand","embeddable":true,"href":"https:\/\/stoic-curie.212-227-153-4.plesk.page\/hr\/wp-json\/wp\/v2\/product_brand?post=3692162"},{"taxonomy":"product_cat","embeddable":true,"href":"https:\/\/stoic-curie.212-227-153-4.plesk.page\/hr\/wp-json\/wp\/v2\/product_cat?post=3692162"},{"taxonomy":"product_tag","embeddable":true,"href":"https:\/\/stoic-curie.212-227-153-4.plesk.page\/hr\/wp-json\/wp\/v2\/product_tag?post=3692162"}],"curies":[{"name":"wp","href":"https:\/\/api.w.org\/{rel}","templated":true}]}}