{"id":3692167,"date":"2025-10-13T13:50:21","date_gmt":"2025-10-13T17:50:21","guid":{"rendered":"https:\/\/stoic-curie.212-227-153-4.plesk.page\/product\/nehrdajuci-terminal-za-tessilmare-radial-52\/"},"modified":"2026-02-25T00:01:17","modified_gmt":"2026-02-25T00:01:17","slug":"nehrdajuci-terminal-za-tessilmare-radial-52","status":"publish","type":"product","link":"https:\/\/stoic-curie.212-227-153-4.plesk.page\/hr\/product\/nehrdajuci-terminal-za-tessilmare-radial-52\/","title":{"rendered":"Nehr\u0111aju\u0107i terminal za Tessilmare Radial 52"},"content":{"rendered":"<p>Nehr\u0111aju\u0107i terminal za Tessilmare Radial 52 &#8211; <\/p>\n<p>Radial je jedini PVC profil odbojnika koji se lako i brzo instalira i mo\u017ee se hladno prilagoditi u nekoliko brzih koraka. Njegova fleksibilnost i rukovanje \u010dine Radial profil jedinstvenim. Profil se isporu\u010duje u rolama od 12 &#8211; 16 &#8211; 24 metra s visinom od 30 &#8211; 40 &#8211; 52 &#8211; 65 &#8211; 85 mm. Dostupno je u crnoj, bijeloj i sivoj boji. Kape na rubovima i spojevi dostupni su od plastike u istoj boji kao profil, ili od nehr\u0111aju\u0107eg \u010delika. Rigidne podr\u0161ke prodaju se u \u0161ipkama od 2 metra.<\/p>\n","protected":false},"excerpt":{"rendered":"<p>Nehr\u0111aju\u0107i terminal za Tessilmare Radial 52 &#8211; Radial je jedini PVC profil odbojnika koji se lako i brzo instalira i<\/p>\n","protected":false},"featured_media":5947085,"comment_status":"closed","ping_status":"closed","template":"","meta":[],"product_brand":[3481],"product_cat":[1852],"product_tag":[],"class_list":{"0":"post-3692167","1":"product","2":"type-product","3":"status-publish","4":"has-post-thumbnail","6":"product_brand-tessilmare-hr","7":"product_cat-profili-za-bokobrane","9":"first","10":"instock","11":"shipping-taxable","12":"purchasable","13":"product-type-simple"},"_links":{"self":[{"href":"https:\/\/stoic-curie.212-227-153-4.plesk.page\/hr\/wp-json\/wp\/v2\/product\/3692167","targetHints":{"allow":["GET"]}}],"collection":[{"href":"https:\/\/stoic-curie.212-227-153-4.plesk.page\/hr\/wp-json\/wp\/v2\/product"}],"about":[{"href":"https:\/\/stoic-curie.212-227-153-4.plesk.page\/hr\/wp-json\/wp\/v2\/types\/product"}],"replies":[{"embeddable":true,"href":"https:\/\/stoic-curie.212-227-153-4.plesk.page\/hr\/wp-json\/wp\/v2\/comments?post=3692167"}],"version-history":[{"count":0,"href":"https:\/\/stoic-curie.212-227-153-4.plesk.page\/hr\/wp-json\/wp\/v2\/product\/3692167\/revisions"}],"wp:featuredmedia":[{"embeddable":true,"href":"https:\/\/stoic-curie.212-227-153-4.plesk.page\/hr\/wp-json\/wp\/v2\/media\/5947085"}],"wp:attachment":[{"href":"https:\/\/stoic-curie.212-227-153-4.plesk.page\/hr\/wp-json\/wp\/v2\/media?parent=3692167"}],"wp:term":[{"taxonomy":"product_brand","embeddable":true,"href":"https:\/\/stoic-curie.212-227-153-4.plesk.page\/hr\/wp-json\/wp\/v2\/product_brand?post=3692167"},{"taxonomy":"product_cat","embeddable":true,"href":"https:\/\/stoic-curie.212-227-153-4.plesk.page\/hr\/wp-json\/wp\/v2\/product_cat?post=3692167"},{"taxonomy":"product_tag","embeddable":true,"href":"https:\/\/stoic-curie.212-227-153-4.plesk.page\/hr\/wp-json\/wp\/v2\/product_tag?post=3692167"}],"curies":[{"name":"wp","href":"https:\/\/api.w.org\/{rel}","templated":true}]}}