{"id":3692169,"date":"2025-10-13T13:50:22","date_gmt":"2025-10-13T17:50:22","guid":{"rendered":"https:\/\/stoic-curie.212-227-153-4.plesk.page\/product\/sivi-terminal-za-tessilmare-radial-52\/"},"modified":"2026-02-25T00:01:17","modified_gmt":"2026-02-25T00:01:17","slug":"sivi-terminal-za-tessilmare-radial-52","status":"publish","type":"product","link":"https:\/\/stoic-curie.212-227-153-4.plesk.page\/hr\/product\/sivi-terminal-za-tessilmare-radial-52\/","title":{"rendered":"Sivi terminal za Tessilmare Radial 52"},"content":{"rendered":"<p>Sivi terminal za Tessilmare Radial 52 &#8211; <\/p>\n<p>Radial je jedini PVC profil fendra koji se lako i brzo montira i koji se mo\u017ee hladno postaviti u nekoliko brzih koraka. Njegova fleksibilnost i rukovanje \u010dine Radial profil jedinstvenim. Profil se isporu\u010duje u rolama od 12, 16 i 24 metra s visinama od 30, 40, 52, 65 i 85 mm. Dostupan je u crnoj, bijeloj i sivoj boji. Kape na kraju i spojevi dostupni su u plastici iste boje kao profil ili od nehr\u0111aju\u0107eg \u010delika. Kruti nosa\u010di prodaju se u trakama od 2 metra.<\/p>\n","protected":false},"excerpt":{"rendered":"<p>Sivi terminal za Tessilmare Radial 52 &#8211; Radial je jedini PVC profil fendra koji se lako i brzo montira i<\/p>\n","protected":false},"featured_media":5947086,"comment_status":"closed","ping_status":"closed","template":"","meta":[],"product_brand":[3481],"product_cat":[1852],"product_tag":[],"class_list":{"0":"post-3692169","1":"product","2":"type-product","3":"status-publish","4":"has-post-thumbnail","6":"product_brand-tessilmare-hr","7":"product_cat-profili-za-bokobrane","9":"first","10":"instock","11":"shipping-taxable","12":"purchasable","13":"product-type-simple"},"_links":{"self":[{"href":"https:\/\/stoic-curie.212-227-153-4.plesk.page\/hr\/wp-json\/wp\/v2\/product\/3692169","targetHints":{"allow":["GET"]}}],"collection":[{"href":"https:\/\/stoic-curie.212-227-153-4.plesk.page\/hr\/wp-json\/wp\/v2\/product"}],"about":[{"href":"https:\/\/stoic-curie.212-227-153-4.plesk.page\/hr\/wp-json\/wp\/v2\/types\/product"}],"replies":[{"embeddable":true,"href":"https:\/\/stoic-curie.212-227-153-4.plesk.page\/hr\/wp-json\/wp\/v2\/comments?post=3692169"}],"version-history":[{"count":0,"href":"https:\/\/stoic-curie.212-227-153-4.plesk.page\/hr\/wp-json\/wp\/v2\/product\/3692169\/revisions"}],"wp:featuredmedia":[{"embeddable":true,"href":"https:\/\/stoic-curie.212-227-153-4.plesk.page\/hr\/wp-json\/wp\/v2\/media\/5947086"}],"wp:attachment":[{"href":"https:\/\/stoic-curie.212-227-153-4.plesk.page\/hr\/wp-json\/wp\/v2\/media?parent=3692169"}],"wp:term":[{"taxonomy":"product_brand","embeddable":true,"href":"https:\/\/stoic-curie.212-227-153-4.plesk.page\/hr\/wp-json\/wp\/v2\/product_brand?post=3692169"},{"taxonomy":"product_cat","embeddable":true,"href":"https:\/\/stoic-curie.212-227-153-4.plesk.page\/hr\/wp-json\/wp\/v2\/product_cat?post=3692169"},{"taxonomy":"product_tag","embeddable":true,"href":"https:\/\/stoic-curie.212-227-153-4.plesk.page\/hr\/wp-json\/wp\/v2\/product_tag?post=3692169"}],"curies":[{"name":"wp","href":"https:\/\/api.w.org\/{rel}","templated":true}]}}