{"id":3692181,"date":"2025-10-13T13:50:25","date_gmt":"2025-10-13T17:50:25","guid":{"rendered":"https:\/\/stoic-curie.212-227-153-4.plesk.page\/product\/vjesalica-od-nehrdajuceg-celika-178-mm\/"},"modified":"2026-02-25T00:01:17","modified_gmt":"2026-02-25T00:01:17","slug":"vjesalica-od-nehrdajuceg-celika-178-mm","status":"publish","type":"product","link":"https:\/\/stoic-curie.212-227-153-4.plesk.page\/hr\/product\/vjesalica-od-nehrdajuceg-celika-178-mm\/","title":{"rendered":"Vje\u0161alica od nehr\u0111aju\u0107eg \u010delika 178 mm"},"content":{"rendered":"<p>Vje\u0161alica od nehr\u0111aju\u0107eg \u010delika 178 mm &#8211; <\/p>\n<p>\u010celi\u010dna kuka od nehr\u0111aju\u0107eg \u010delika za boje za spa\u0161avanje, u\u017ee i svu opremu na brodu.<\/p>\n","protected":false},"excerpt":{"rendered":"<p>Vje\u0161alica od nehr\u0111aju\u0107eg \u010delika 178 mm &#8211; \u010celi\u010dna kuka od nehr\u0111aju\u0107eg \u010delika za boje za spa\u0161avanje, u\u017ee i svu opremu<\/p>\n","protected":false},"featured_media":5947096,"comment_status":"closed","ping_status":"closed","template":"","meta":[],"product_brand":[3236],"product_cat":[1710,1644],"product_tag":[],"class_list":{"0":"post-3692181","1":"product","2":"type-product","3":"status-publish","4":"has-post-thumbnail","6":"product_brand-osculati-hr","7":"product_cat-pribor-za-brodske-kabine","8":"product_cat-pribor-za-spremista","10":"first","11":"instock","12":"shipping-taxable","13":"purchasable","14":"product-type-simple"},"_links":{"self":[{"href":"https:\/\/stoic-curie.212-227-153-4.plesk.page\/hr\/wp-json\/wp\/v2\/product\/3692181","targetHints":{"allow":["GET"]}}],"collection":[{"href":"https:\/\/stoic-curie.212-227-153-4.plesk.page\/hr\/wp-json\/wp\/v2\/product"}],"about":[{"href":"https:\/\/stoic-curie.212-227-153-4.plesk.page\/hr\/wp-json\/wp\/v2\/types\/product"}],"replies":[{"embeddable":true,"href":"https:\/\/stoic-curie.212-227-153-4.plesk.page\/hr\/wp-json\/wp\/v2\/comments?post=3692181"}],"version-history":[{"count":0,"href":"https:\/\/stoic-curie.212-227-153-4.plesk.page\/hr\/wp-json\/wp\/v2\/product\/3692181\/revisions"}],"wp:featuredmedia":[{"embeddable":true,"href":"https:\/\/stoic-curie.212-227-153-4.plesk.page\/hr\/wp-json\/wp\/v2\/media\/5947096"}],"wp:attachment":[{"href":"https:\/\/stoic-curie.212-227-153-4.plesk.page\/hr\/wp-json\/wp\/v2\/media?parent=3692181"}],"wp:term":[{"taxonomy":"product_brand","embeddable":true,"href":"https:\/\/stoic-curie.212-227-153-4.plesk.page\/hr\/wp-json\/wp\/v2\/product_brand?post=3692181"},{"taxonomy":"product_cat","embeddable":true,"href":"https:\/\/stoic-curie.212-227-153-4.plesk.page\/hr\/wp-json\/wp\/v2\/product_cat?post=3692181"},{"taxonomy":"product_tag","embeddable":true,"href":"https:\/\/stoic-curie.212-227-153-4.plesk.page\/hr\/wp-json\/wp\/v2\/product_tag?post=3692181"}],"curies":[{"name":"wp","href":"https:\/\/api.w.org\/{rel}","templated":true}]}}