{"id":3692192,"date":"2025-10-13T13:50:27","date_gmt":"2025-10-13T17:50:27","guid":{"rendered":"https:\/\/stoic-curie.212-227-153-4.plesk.page\/product\/zatvarac-ormara-crni-48-x-28-x-h14mm\/"},"modified":"2026-02-25T00:01:17","modified_gmt":"2026-02-25T00:01:17","slug":"zatvarac-ormara-crni-48-x-28-x-h14mm","status":"publish","type":"product","link":"https:\/\/stoic-curie.212-227-153-4.plesk.page\/hr\/product\/zatvarac-ormara-crni-48-x-28-x-h14mm\/","title":{"rendered":"Zatvara\u010d ormara crni, 48 x 28 x H14mm"},"content":{"rendered":"<p>Zatvara\u010d ormara crni, 48 x 28 x H14mm &#8211; <\/p>\n<p>Oja\u010dani plasti\u010dni osigura\u010d za ladice i vrata.<\/p>\n","protected":false},"excerpt":{"rendered":"<p>Zatvara\u010d ormara crni, 48 x 28 x H14mm &#8211; Oja\u010dani plasti\u010dni osigura\u010d za ladice i vrata.<\/p>\n","protected":false},"featured_media":5947117,"comment_status":"closed","ping_status":"closed","template":"","meta":[],"product_brand":[3136],"product_cat":[1710],"product_tag":[],"class_list":{"0":"post-3692192","1":"product","2":"type-product","3":"status-publish","4":"has-post-thumbnail","6":"product_brand-masterlock-hr","7":"product_cat-pribor-za-brodske-kabine","9":"first","10":"instock","11":"shipping-taxable","12":"purchasable","13":"product-type-simple"},"_links":{"self":[{"href":"https:\/\/stoic-curie.212-227-153-4.plesk.page\/hr\/wp-json\/wp\/v2\/product\/3692192","targetHints":{"allow":["GET"]}}],"collection":[{"href":"https:\/\/stoic-curie.212-227-153-4.plesk.page\/hr\/wp-json\/wp\/v2\/product"}],"about":[{"href":"https:\/\/stoic-curie.212-227-153-4.plesk.page\/hr\/wp-json\/wp\/v2\/types\/product"}],"replies":[{"embeddable":true,"href":"https:\/\/stoic-curie.212-227-153-4.plesk.page\/hr\/wp-json\/wp\/v2\/comments?post=3692192"}],"version-history":[{"count":0,"href":"https:\/\/stoic-curie.212-227-153-4.plesk.page\/hr\/wp-json\/wp\/v2\/product\/3692192\/revisions"}],"wp:featuredmedia":[{"embeddable":true,"href":"https:\/\/stoic-curie.212-227-153-4.plesk.page\/hr\/wp-json\/wp\/v2\/media\/5947117"}],"wp:attachment":[{"href":"https:\/\/stoic-curie.212-227-153-4.plesk.page\/hr\/wp-json\/wp\/v2\/media?parent=3692192"}],"wp:term":[{"taxonomy":"product_brand","embeddable":true,"href":"https:\/\/stoic-curie.212-227-153-4.plesk.page\/hr\/wp-json\/wp\/v2\/product_brand?post=3692192"},{"taxonomy":"product_cat","embeddable":true,"href":"https:\/\/stoic-curie.212-227-153-4.plesk.page\/hr\/wp-json\/wp\/v2\/product_cat?post=3692192"},{"taxonomy":"product_tag","embeddable":true,"href":"https:\/\/stoic-curie.212-227-153-4.plesk.page\/hr\/wp-json\/wp\/v2\/product_tag?post=3692192"}],"curies":[{"name":"wp","href":"https:\/\/api.w.org\/{rel}","templated":true}]}}