{"id":3692200,"date":"2025-10-13T13:50:30","date_gmt":"2025-10-13T17:50:30","guid":{"rendered":"https:\/\/stoic-curie.212-227-153-4.plesk.page\/product\/nehrdajuci-kompresijski-zasuni-62-mm-bez-kljuca\/"},"modified":"2026-02-25T00:01:17","modified_gmt":"2026-02-25T00:01:17","slug":"nehrdajuci-kompresijski-zasuni-62-mm-bez-kljuca","status":"publish","type":"product","link":"https:\/\/stoic-curie.212-227-153-4.plesk.page\/hr\/product\/nehrdajuci-kompresijski-zasuni-62-mm-bez-kljuca\/","title":{"rendered":"Nehr\u0111aju\u0107i kompresijski zasuni 62 mm bez kljuca"},"content":{"rendered":"<p>Nehr\u0111aju\u0107i kompresijski zasuni 62 mm bez kljuca &#8211; <\/p>\n<p>Kompresijska brava od nehr\u0111aju\u0107eg \u010delika 316 s podesivom polugom. Koristi se za otvaranje i zatvaranje pregrada i poklopaca. Poluga se mo\u017ee montirati u normalnom polo\u017eaju ili okrenuta (Rev) kako bi pokrila sve potrebne debljine (A).<\/p>\n","protected":false},"excerpt":{"rendered":"<p>Nehr\u0111aju\u0107i kompresijski zasuni 62 mm bez kljuca &#8211; Kompresijska brava od nehr\u0111aju\u0107eg \u010delika 316 s podesivom polugom. Koristi se za<\/p>\n","protected":false},"featured_media":5947140,"comment_status":"closed","ping_status":"closed","template":"","meta":[],"product_brand":[3136],"product_cat":[1687],"product_tag":[],"class_list":{"0":"post-3692200","1":"product","2":"type-product","3":"status-publish","4":"has-post-thumbnail","6":"product_brand-masterlock-hr","7":"product_cat-brodski-zasuni","9":"first","10":"instock","11":"shipping-taxable","12":"purchasable","13":"product-type-simple"},"_links":{"self":[{"href":"https:\/\/stoic-curie.212-227-153-4.plesk.page\/hr\/wp-json\/wp\/v2\/product\/3692200","targetHints":{"allow":["GET"]}}],"collection":[{"href":"https:\/\/stoic-curie.212-227-153-4.plesk.page\/hr\/wp-json\/wp\/v2\/product"}],"about":[{"href":"https:\/\/stoic-curie.212-227-153-4.plesk.page\/hr\/wp-json\/wp\/v2\/types\/product"}],"replies":[{"embeddable":true,"href":"https:\/\/stoic-curie.212-227-153-4.plesk.page\/hr\/wp-json\/wp\/v2\/comments?post=3692200"}],"version-history":[{"count":0,"href":"https:\/\/stoic-curie.212-227-153-4.plesk.page\/hr\/wp-json\/wp\/v2\/product\/3692200\/revisions"}],"wp:featuredmedia":[{"embeddable":true,"href":"https:\/\/stoic-curie.212-227-153-4.plesk.page\/hr\/wp-json\/wp\/v2\/media\/5947140"}],"wp:attachment":[{"href":"https:\/\/stoic-curie.212-227-153-4.plesk.page\/hr\/wp-json\/wp\/v2\/media?parent=3692200"}],"wp:term":[{"taxonomy":"product_brand","embeddable":true,"href":"https:\/\/stoic-curie.212-227-153-4.plesk.page\/hr\/wp-json\/wp\/v2\/product_brand?post=3692200"},{"taxonomy":"product_cat","embeddable":true,"href":"https:\/\/stoic-curie.212-227-153-4.plesk.page\/hr\/wp-json\/wp\/v2\/product_cat?post=3692200"},{"taxonomy":"product_tag","embeddable":true,"href":"https:\/\/stoic-curie.212-227-153-4.plesk.page\/hr\/wp-json\/wp\/v2\/product_tag?post=3692200"}],"curies":[{"name":"wp","href":"https:\/\/api.w.org\/{rel}","templated":true}]}}