{"id":3692205,"date":"2025-10-13T13:50:31","date_gmt":"2025-10-13T17:50:31","guid":{"rendered":"https:\/\/stoic-curie.212-227-153-4.plesk.page\/product\/kutna-bregasta-traka-za-kvaku-roca-70t\/"},"modified":"2026-02-25T00:01:17","modified_gmt":"2026-02-25T00:01:17","slug":"kutna-bregasta-traka-za-kvaku-roca-70t","status":"publish","type":"product","link":"https:\/\/stoic-curie.212-227-153-4.plesk.page\/hr\/product\/kutna-bregasta-traka-za-kvaku-roca-70t\/","title":{"rendered":"Kutna bregasta traka za kvaku Roca 70T"},"content":{"rendered":"<p>Kutna bregasta traka za kvaku Roca 70T &#8211; <\/p>\n<p>Ogledalo poliran kompresijski zaklju\u010dak od 316 nehr\u0111aju\u0107eg \u010delika s T-dr\u0161kom i podesivom \u0161ipkom za zakretanje. Koristi se za otvaranje i zatvaranje pregrada i poklopaca. Zaklju\u010davanje treba biti dovr\u0161eno s \u0161ipkom za zakretanje po va\u0161em izboru.<\/p>\n","protected":false},"excerpt":{"rendered":"<p>Kutna bregasta traka za kvaku Roca 70T &#8211; Ogledalo poliran kompresijski zaklju\u010dak od 316 nehr\u0111aju\u0107eg \u010delika s T-dr\u0161kom i podesivom<\/p>\n","protected":false},"featured_media":5947144,"comment_status":"closed","ping_status":"closed","template":"","meta":[],"product_brand":[3316],"product_cat":[1687],"product_tag":[],"class_list":{"0":"post-3692205","1":"product","2":"type-product","3":"status-publish","4":"has-post-thumbnail","6":"product_brand-roca-marine-hr","7":"product_cat-brodski-zasuni","9":"first","10":"instock","11":"shipping-taxable","12":"purchasable","13":"product-type-simple"},"_links":{"self":[{"href":"https:\/\/stoic-curie.212-227-153-4.plesk.page\/hr\/wp-json\/wp\/v2\/product\/3692205","targetHints":{"allow":["GET"]}}],"collection":[{"href":"https:\/\/stoic-curie.212-227-153-4.plesk.page\/hr\/wp-json\/wp\/v2\/product"}],"about":[{"href":"https:\/\/stoic-curie.212-227-153-4.plesk.page\/hr\/wp-json\/wp\/v2\/types\/product"}],"replies":[{"embeddable":true,"href":"https:\/\/stoic-curie.212-227-153-4.plesk.page\/hr\/wp-json\/wp\/v2\/comments?post=3692205"}],"version-history":[{"count":0,"href":"https:\/\/stoic-curie.212-227-153-4.plesk.page\/hr\/wp-json\/wp\/v2\/product\/3692205\/revisions"}],"wp:featuredmedia":[{"embeddable":true,"href":"https:\/\/stoic-curie.212-227-153-4.plesk.page\/hr\/wp-json\/wp\/v2\/media\/5947144"}],"wp:attachment":[{"href":"https:\/\/stoic-curie.212-227-153-4.plesk.page\/hr\/wp-json\/wp\/v2\/media?parent=3692205"}],"wp:term":[{"taxonomy":"product_brand","embeddable":true,"href":"https:\/\/stoic-curie.212-227-153-4.plesk.page\/hr\/wp-json\/wp\/v2\/product_brand?post=3692205"},{"taxonomy":"product_cat","embeddable":true,"href":"https:\/\/stoic-curie.212-227-153-4.plesk.page\/hr\/wp-json\/wp\/v2\/product_cat?post=3692205"},{"taxonomy":"product_tag","embeddable":true,"href":"https:\/\/stoic-curie.212-227-153-4.plesk.page\/hr\/wp-json\/wp\/v2\/product_tag?post=3692205"}],"curies":[{"name":"wp","href":"https:\/\/api.w.org\/{rel}","templated":true}]}}