{"id":3692207,"date":"2025-10-13T13:50:32","date_gmt":"2025-10-13T17:50:32","guid":{"rendered":"https:\/\/stoic-curie.212-227-153-4.plesk.page\/product\/roca-prsten-za-podizanje-od-nehrdajuceg-celika-38-x-44-mm\/"},"modified":"2026-02-25T00:01:17","modified_gmt":"2026-02-25T00:01:17","slug":"roca-prsten-za-podizanje-od-nehrdajuceg-celika-38-x-44-mm","status":"publish","type":"product","link":"https:\/\/stoic-curie.212-227-153-4.plesk.page\/hr\/product\/roca-prsten-za-podizanje-od-nehrdajuceg-celika-38-x-44-mm\/","title":{"rendered":"Roca prsten za podizanje od nehr\u0111aju\u0107eg \u010delika 38 x 44 mm"},"content":{"rendered":"<p>Roca prsten za podizanje od nehr\u0111aju\u0107eg \u010delika 38 x 44 mm &#8211; <\/p>\n<p>Izvrsna kvaliteta i zavr\u0161na obrada Roca ogledala poliranih nehr\u0111aju\u0107ih \u010deli\u010dnih ugradnih ru\u010dica s opru\u017enim sistemom za podizanje.<\/p>\n","protected":false},"excerpt":{"rendered":"<p>Roca prsten za podizanje od nehr\u0111aju\u0107eg \u010delika 38 x 44 mm &#8211; Izvrsna kvaliteta i zavr\u0161na obrada Roca ogledala poliranih<\/p>\n","protected":false},"featured_media":5947148,"comment_status":"closed","ping_status":"closed","template":"","meta":[],"product_brand":[3316],"product_cat":[1710],"product_tag":[],"class_list":{"0":"post-3692207","1":"product","2":"type-product","3":"status-publish","4":"has-post-thumbnail","6":"product_brand-roca-marine-hr","7":"product_cat-pribor-za-brodske-kabine","9":"first","10":"instock","11":"shipping-taxable","12":"purchasable","13":"product-type-simple"},"_links":{"self":[{"href":"https:\/\/stoic-curie.212-227-153-4.plesk.page\/hr\/wp-json\/wp\/v2\/product\/3692207","targetHints":{"allow":["GET"]}}],"collection":[{"href":"https:\/\/stoic-curie.212-227-153-4.plesk.page\/hr\/wp-json\/wp\/v2\/product"}],"about":[{"href":"https:\/\/stoic-curie.212-227-153-4.plesk.page\/hr\/wp-json\/wp\/v2\/types\/product"}],"replies":[{"embeddable":true,"href":"https:\/\/stoic-curie.212-227-153-4.plesk.page\/hr\/wp-json\/wp\/v2\/comments?post=3692207"}],"version-history":[{"count":0,"href":"https:\/\/stoic-curie.212-227-153-4.plesk.page\/hr\/wp-json\/wp\/v2\/product\/3692207\/revisions"}],"wp:featuredmedia":[{"embeddable":true,"href":"https:\/\/stoic-curie.212-227-153-4.plesk.page\/hr\/wp-json\/wp\/v2\/media\/5947148"}],"wp:attachment":[{"href":"https:\/\/stoic-curie.212-227-153-4.plesk.page\/hr\/wp-json\/wp\/v2\/media?parent=3692207"}],"wp:term":[{"taxonomy":"product_brand","embeddable":true,"href":"https:\/\/stoic-curie.212-227-153-4.plesk.page\/hr\/wp-json\/wp\/v2\/product_brand?post=3692207"},{"taxonomy":"product_cat","embeddable":true,"href":"https:\/\/stoic-curie.212-227-153-4.plesk.page\/hr\/wp-json\/wp\/v2\/product_cat?post=3692207"},{"taxonomy":"product_tag","embeddable":true,"href":"https:\/\/stoic-curie.212-227-153-4.plesk.page\/hr\/wp-json\/wp\/v2\/product_tag?post=3692207"}],"curies":[{"name":"wp","href":"https:\/\/api.w.org\/{rel}","templated":true}]}}