{"id":3692209,"date":"2025-10-13T13:50:32","date_gmt":"2025-10-13T17:50:32","guid":{"rendered":"https:\/\/stoic-curie.212-227-153-4.plesk.page\/product\/roca-rucka-za-podizanje-od-nehrdajuceg-celika-60-x-75-mm\/"},"modified":"2026-02-25T00:01:17","modified_gmt":"2026-02-25T00:01:17","slug":"roca-rucka-za-podizanje-od-nehrdajuceg-celika-60-x-75-mm","status":"publish","type":"product","link":"https:\/\/stoic-curie.212-227-153-4.plesk.page\/hr\/product\/roca-rucka-za-podizanje-od-nehrdajuceg-celika-60-x-75-mm\/","title":{"rendered":"Roca ru\u010dka za podizanje od nehr\u0111ajuceg \u010delika 60 x 75 mm"},"content":{"rendered":"<p>Roca ru\u010dka za podizanje od nehr\u0111ajuceg \u010delika 60 x 75 mm &#8211; <\/p>\n<p>Izvrsna kvaliteta i zavr\u0161na obrada Roca ogledala polirani nehr\u0111aju\u0107i \u010delik ugradna ru\u010dka za podizanje za dunnage i otvore. Ugodno i lako dr\u017eanje.<\/p>\n","protected":false},"excerpt":{"rendered":"<p>Roca ru\u010dka za podizanje od nehr\u0111ajuceg \u010delika 60 x 75 mm &#8211; Izvrsna kvaliteta i zavr\u0161na obrada Roca ogledala polirani<\/p>\n","protected":false},"featured_media":5947151,"comment_status":"closed","ping_status":"closed","template":"","meta":[],"product_brand":[3316],"product_cat":[1710],"product_tag":[],"class_list":{"0":"post-3692209","1":"product","2":"type-product","3":"status-publish","4":"has-post-thumbnail","6":"product_brand-roca-marine-hr","7":"product_cat-pribor-za-brodske-kabine","9":"first","10":"instock","11":"shipping-taxable","12":"purchasable","13":"product-type-simple"},"_links":{"self":[{"href":"https:\/\/stoic-curie.212-227-153-4.plesk.page\/hr\/wp-json\/wp\/v2\/product\/3692209","targetHints":{"allow":["GET"]}}],"collection":[{"href":"https:\/\/stoic-curie.212-227-153-4.plesk.page\/hr\/wp-json\/wp\/v2\/product"}],"about":[{"href":"https:\/\/stoic-curie.212-227-153-4.plesk.page\/hr\/wp-json\/wp\/v2\/types\/product"}],"replies":[{"embeddable":true,"href":"https:\/\/stoic-curie.212-227-153-4.plesk.page\/hr\/wp-json\/wp\/v2\/comments?post=3692209"}],"version-history":[{"count":0,"href":"https:\/\/stoic-curie.212-227-153-4.plesk.page\/hr\/wp-json\/wp\/v2\/product\/3692209\/revisions"}],"wp:featuredmedia":[{"embeddable":true,"href":"https:\/\/stoic-curie.212-227-153-4.plesk.page\/hr\/wp-json\/wp\/v2\/media\/5947151"}],"wp:attachment":[{"href":"https:\/\/stoic-curie.212-227-153-4.plesk.page\/hr\/wp-json\/wp\/v2\/media?parent=3692209"}],"wp:term":[{"taxonomy":"product_brand","embeddable":true,"href":"https:\/\/stoic-curie.212-227-153-4.plesk.page\/hr\/wp-json\/wp\/v2\/product_brand?post=3692209"},{"taxonomy":"product_cat","embeddable":true,"href":"https:\/\/stoic-curie.212-227-153-4.plesk.page\/hr\/wp-json\/wp\/v2\/product_cat?post=3692209"},{"taxonomy":"product_tag","embeddable":true,"href":"https:\/\/stoic-curie.212-227-153-4.plesk.page\/hr\/wp-json\/wp\/v2\/product_tag?post=3692209"}],"curies":[{"name":"wp","href":"https:\/\/api.w.org\/{rel}","templated":true}]}}