{"id":3692212,"date":"2025-10-13T13:50:33","date_gmt":"2025-10-13T17:50:33","guid":{"rendered":"https:\/\/stoic-curie.212-227-153-4.plesk.page\/product\/roca-prsten-za-podizanje-od-nehrdajuceg-celika-50-mm\/"},"modified":"2026-02-25T00:01:17","modified_gmt":"2026-02-25T00:01:17","slug":"roca-prsten-za-podizanje-od-nehrdajuceg-celika-50-mm","status":"publish","type":"product","link":"https:\/\/stoic-curie.212-227-153-4.plesk.page\/hr\/product\/roca-prsten-za-podizanje-od-nehrdajuceg-celika-50-mm\/","title":{"rendered":"Roca prsten za podizanje od nehr\u0111aju\u0107eg \u010delika 50 mm"},"content":{"rendered":"<p>Roca prsten za podizanje od nehr\u0111aju\u0107eg \u010delika 50 mm &#8211; <\/p>\n<p>Obru\u0161ena vrata od nehr\u0111aju\u0107eg \u010delika Roca s ogledalnim zavr\u0161etkom i prstenastim povla\u010dnim oprugom visoke kvalitete.<\/p>\n","protected":false},"excerpt":{"rendered":"<p>Roca prsten za podizanje od nehr\u0111aju\u0107eg \u010delika 50 mm &#8211; Obru\u0161ena vrata od nehr\u0111aju\u0107eg \u010delika Roca s ogledalnim zavr\u0161etkom i<\/p>\n","protected":false},"featured_media":5947156,"comment_status":"closed","ping_status":"closed","template":"","meta":[],"product_brand":[3316],"product_cat":[1710],"product_tag":[],"class_list":{"0":"post-3692212","1":"product","2":"type-product","3":"status-publish","4":"has-post-thumbnail","6":"product_brand-roca-marine-hr","7":"product_cat-pribor-za-brodske-kabine","9":"first","10":"instock","11":"shipping-taxable","12":"purchasable","13":"product-type-simple"},"_links":{"self":[{"href":"https:\/\/stoic-curie.212-227-153-4.plesk.page\/hr\/wp-json\/wp\/v2\/product\/3692212","targetHints":{"allow":["GET"]}}],"collection":[{"href":"https:\/\/stoic-curie.212-227-153-4.plesk.page\/hr\/wp-json\/wp\/v2\/product"}],"about":[{"href":"https:\/\/stoic-curie.212-227-153-4.plesk.page\/hr\/wp-json\/wp\/v2\/types\/product"}],"replies":[{"embeddable":true,"href":"https:\/\/stoic-curie.212-227-153-4.plesk.page\/hr\/wp-json\/wp\/v2\/comments?post=3692212"}],"version-history":[{"count":0,"href":"https:\/\/stoic-curie.212-227-153-4.plesk.page\/hr\/wp-json\/wp\/v2\/product\/3692212\/revisions"}],"wp:featuredmedia":[{"embeddable":true,"href":"https:\/\/stoic-curie.212-227-153-4.plesk.page\/hr\/wp-json\/wp\/v2\/media\/5947156"}],"wp:attachment":[{"href":"https:\/\/stoic-curie.212-227-153-4.plesk.page\/hr\/wp-json\/wp\/v2\/media?parent=3692212"}],"wp:term":[{"taxonomy":"product_brand","embeddable":true,"href":"https:\/\/stoic-curie.212-227-153-4.plesk.page\/hr\/wp-json\/wp\/v2\/product_brand?post=3692212"},{"taxonomy":"product_cat","embeddable":true,"href":"https:\/\/stoic-curie.212-227-153-4.plesk.page\/hr\/wp-json\/wp\/v2\/product_cat?post=3692212"},{"taxonomy":"product_tag","embeddable":true,"href":"https:\/\/stoic-curie.212-227-153-4.plesk.page\/hr\/wp-json\/wp\/v2\/product_tag?post=3692212"}],"curies":[{"name":"wp","href":"https:\/\/api.w.org\/{rel}","templated":true}]}}