{"id":3692215,"date":"2025-10-13T13:50:34","date_gmt":"2025-10-13T17:50:34","guid":{"rendered":"https:\/\/stoic-curie.212-227-153-4.plesk.page\/product\/zatvarac-na-polugu-classic-wide-inox-dim-52-x-42-mm\/"},"modified":"2026-02-25T00:01:17","modified_gmt":"2026-02-25T00:01:17","slug":"zatvarac-na-polugu-classic-wide-inox-dim-52-x-42-mm","status":"publish","type":"product","link":"https:\/\/stoic-curie.212-227-153-4.plesk.page\/hr\/product\/zatvarac-na-polugu-classic-wide-inox-dim-52-x-42-mm\/","title":{"rendered":"Zatvara\u010d na polugu classic wide inox dim 52 x 42 mm"},"content":{"rendered":"<p>Zatvara\u010d na polugu classic wide inox dim 52 x 42 mm &#8211; <\/p>\n<p>Oprema za vrata od nehr\u0111aju\u0107eg \u010delika 316 idealna je za poklopce i kov\u010dege.<\/p>\n","protected":false},"excerpt":{"rendered":"<p>Zatvara\u010d na polugu classic wide inox dim 52 x 42 mm &#8211; Oprema za vrata od nehr\u0111aju\u0107eg \u010delika 316 idealna<\/p>\n","protected":false},"featured_media":5947160,"comment_status":"closed","ping_status":"closed","template":"","meta":[],"product_brand":[3136],"product_cat":[1687],"product_tag":[],"class_list":{"0":"post-3692215","1":"product","2":"type-product","3":"status-publish","4":"has-post-thumbnail","6":"product_brand-masterlock-hr","7":"product_cat-brodski-zasuni","9":"first","10":"instock","11":"shipping-taxable","12":"purchasable","13":"product-type-simple"},"_links":{"self":[{"href":"https:\/\/stoic-curie.212-227-153-4.plesk.page\/hr\/wp-json\/wp\/v2\/product\/3692215","targetHints":{"allow":["GET"]}}],"collection":[{"href":"https:\/\/stoic-curie.212-227-153-4.plesk.page\/hr\/wp-json\/wp\/v2\/product"}],"about":[{"href":"https:\/\/stoic-curie.212-227-153-4.plesk.page\/hr\/wp-json\/wp\/v2\/types\/product"}],"replies":[{"embeddable":true,"href":"https:\/\/stoic-curie.212-227-153-4.plesk.page\/hr\/wp-json\/wp\/v2\/comments?post=3692215"}],"version-history":[{"count":0,"href":"https:\/\/stoic-curie.212-227-153-4.plesk.page\/hr\/wp-json\/wp\/v2\/product\/3692215\/revisions"}],"wp:featuredmedia":[{"embeddable":true,"href":"https:\/\/stoic-curie.212-227-153-4.plesk.page\/hr\/wp-json\/wp\/v2\/media\/5947160"}],"wp:attachment":[{"href":"https:\/\/stoic-curie.212-227-153-4.plesk.page\/hr\/wp-json\/wp\/v2\/media?parent=3692215"}],"wp:term":[{"taxonomy":"product_brand","embeddable":true,"href":"https:\/\/stoic-curie.212-227-153-4.plesk.page\/hr\/wp-json\/wp\/v2\/product_brand?post=3692215"},{"taxonomy":"product_cat","embeddable":true,"href":"https:\/\/stoic-curie.212-227-153-4.plesk.page\/hr\/wp-json\/wp\/v2\/product_cat?post=3692215"},{"taxonomy":"product_tag","embeddable":true,"href":"https:\/\/stoic-curie.212-227-153-4.plesk.page\/hr\/wp-json\/wp\/v2\/product_tag?post=3692215"}],"curies":[{"name":"wp","href":"https:\/\/api.w.org\/{rel}","templated":true}]}}