{"id":3692216,"date":"2025-10-13T13:50:34","date_gmt":"2025-10-13T17:50:34","guid":{"rendered":"https:\/\/stoic-curie.212-227-153-4.plesk.page\/product\/zasuni-za-zakljucavanje-49mm\/"},"modified":"2026-02-25T00:01:17","modified_gmt":"2026-02-25T00:01:17","slug":"zasuni-za-zakljucavanje-49mm","status":"publish","type":"product","link":"https:\/\/stoic-curie.212-227-153-4.plesk.page\/hr\/product\/zasuni-za-zakljucavanje-49mm\/","title":{"rendered":"Zasuni za zakljucavanje 49mm"},"content":{"rendered":"<p>Zasuni za zakljucavanje 49mm &#8211; <\/p>\n<p>Mehani\u010dki zatvara\u010d s funkcijom pomicanja za vrata, otvore, ladice i ormari\u0107e. Laka instalacija, oja\u010dano ABS tijelo, potpuno sa udarcem i vijcima.<\/p>\n","protected":false},"excerpt":{"rendered":"<p>Zasuni za zakljucavanje 49mm &#8211; Mehani\u010dki zatvara\u010d s funkcijom pomicanja za vrata, otvore, ladice i ormari\u0107e. Laka instalacija, oja\u010dano ABS<\/p>\n","protected":false},"featured_media":5947161,"comment_status":"closed","ping_status":"closed","template":"","meta":[],"product_brand":[3136],"product_cat":[1687,1710],"product_tag":[],"class_list":{"0":"post-3692216","1":"product","2":"type-product","3":"status-publish","4":"has-post-thumbnail","6":"product_brand-masterlock-hr","7":"product_cat-brodski-zasuni","8":"product_cat-pribor-za-brodske-kabine","10":"first","11":"instock","12":"shipping-taxable","13":"purchasable","14":"product-type-simple"},"_links":{"self":[{"href":"https:\/\/stoic-curie.212-227-153-4.plesk.page\/hr\/wp-json\/wp\/v2\/product\/3692216","targetHints":{"allow":["GET"]}}],"collection":[{"href":"https:\/\/stoic-curie.212-227-153-4.plesk.page\/hr\/wp-json\/wp\/v2\/product"}],"about":[{"href":"https:\/\/stoic-curie.212-227-153-4.plesk.page\/hr\/wp-json\/wp\/v2\/types\/product"}],"replies":[{"embeddable":true,"href":"https:\/\/stoic-curie.212-227-153-4.plesk.page\/hr\/wp-json\/wp\/v2\/comments?post=3692216"}],"version-history":[{"count":0,"href":"https:\/\/stoic-curie.212-227-153-4.plesk.page\/hr\/wp-json\/wp\/v2\/product\/3692216\/revisions"}],"wp:featuredmedia":[{"embeddable":true,"href":"https:\/\/stoic-curie.212-227-153-4.plesk.page\/hr\/wp-json\/wp\/v2\/media\/5947161"}],"wp:attachment":[{"href":"https:\/\/stoic-curie.212-227-153-4.plesk.page\/hr\/wp-json\/wp\/v2\/media?parent=3692216"}],"wp:term":[{"taxonomy":"product_brand","embeddable":true,"href":"https:\/\/stoic-curie.212-227-153-4.plesk.page\/hr\/wp-json\/wp\/v2\/product_brand?post=3692216"},{"taxonomy":"product_cat","embeddable":true,"href":"https:\/\/stoic-curie.212-227-153-4.plesk.page\/hr\/wp-json\/wp\/v2\/product_cat?post=3692216"},{"taxonomy":"product_tag","embeddable":true,"href":"https:\/\/stoic-curie.212-227-153-4.plesk.page\/hr\/wp-json\/wp\/v2\/product_tag?post=3692216"}],"curies":[{"name":"wp","href":"https:\/\/api.w.org\/{rel}","templated":true}]}}